{"id":2548,"date":"2025-05-28T15:38:37","date_gmt":"2025-05-28T15:38:37","guid":{"rendered":"https:\/\/atlasvillasmarrakech.com\/?page_id=2548"},"modified":"2025-05-29T09:36:53","modified_gmt":"2025-05-29T09:36:53","slug":"legal-information-2","status":"publish","type":"page","link":"https:\/\/atlasvillasmarrakech.com\/en\/legal-information-2\/","title":{"rendered":"Terms of use"},"content":{"rendered":"<div data-elementor-type=\"wp-page\" data-elementor-id=\"2548\" class=\"elementor elementor-2548\" data-elementor-post-type=\"page\">\n\t\t\t\t<div class=\"elementor-element elementor-element-a979e1c e-flex e-con-boxed e-con e-parent\" data-id=\"a979e1c\" data-element_type=\"container\" data-e-type=\"container\" data-settings=\"{&quot;background_background&quot;:&quot;classic&quot;}\">\n\t\t\t\t\t<div class=\"e-con-inner\">\n\t\t<div class=\"elementor-element elementor-element-d54012a e-con-full e-flex e-con e-child\" data-id=\"d54012a\" data-element_type=\"container\" data-e-type=\"container\">\n\t\t\t\t<div class=\"elementor-element elementor-element-36c5229 elementor-align-center elementor-widget elementor-widget-breadcrumbs\" data-id=\"36c5229\" data-element_type=\"widget\" data-e-type=\"widget\" data-widget_type=\"breadcrumbs.default\">\n\t\t\t\t\t<p id=\"breadcrumbs\"><span><span><a href=\"https:\/\/atlasvillasmarrakech.com\/en\">Home<\/a><\/span><\/span><\/p>\t\t\t\t<\/div>\n\t\t\t\t<div class=\"elementor-element elementor-element-6bcb371 elementor-widget elementor-widget-heading\" data-id=\"6bcb371\" data-element_type=\"widget\" data-e-type=\"widget\" data-widget_type=\"heading.default\">\n\t\t\t\t\t<h1 class=\"elementor-heading-title elementor-size-default\">Terms of use<\/h1>\t\t\t\t<\/div>\n\t\t\t\t<div class=\"elementor-element elementor-element-2ce042e elementor-widget__width-initial elementor-widget-mobile__width-inherit elementor-widget elementor-widget-text-editor\" data-id=\"2ce042e\" data-element_type=\"widget\" data-e-type=\"widget\" data-widget_type=\"text-editor.default\">\n\t\t\t\t\t\t\t\t\t<p data-start=\"2713\" data-end=\"2891\">ATLAS VILLAS Marrakech website legal information: publisher, hosting, ownership, cookies, data, and applicable legal framework.<\/p>\t\t\t\t\t\t\t\t<\/div>\n\t\t\t\t<\/div>\n\t\t\t\t\t<\/div>\n\t\t\t\t<\/div>\n\t\t<div class=\"elementor-element elementor-element-1f4127d e-flex e-con-boxed e-con e-parent\" data-id=\"1f4127d\" data-element_type=\"container\" data-e-type=\"container\">\n\t\t\t\t\t<div class=\"e-con-inner\">\n\t\t\t\t<div class=\"elementor-element elementor-element-9e7bf70 elementor-widget elementor-widget-text-editor\" data-id=\"9e7bf70\" data-element_type=\"widget\" data-e-type=\"widget\" data-widget_type=\"text-editor.default\">\n\t\t\t\t\t\t\t\t\t<p data-start=\"242\" data-end=\"483\">This website <a class=\"\" href=\"https:\/\/atlasvillasmarrakech.com\/en\/\" target=\"_new\" rel=\"noopener\" data-start=\"258\" data-end=\"318\">atlasvillasmarrakech.com<\/a> belongs to ATLAS VILLAS Marrakech. These <strong data-start=\"360\" data-end=\"380\">legal information<\/strong> specify the required information on the publisher, hosting and rights related to the use of the site.<\/p><h2 data-start=\"485\" data-end=\"503\">Site editor<\/h2><p data-start=\"505\" data-end=\"832\"><strong data-start=\"505\" data-end=\"523\">Trade name<\/strong> ATLAS VILLAS Marrakech<br data-start=\"548\" data-end=\"551\" \/><strong data-start=\"551\" data-end=\"573\">Legal representative<\/strong> Name to be specified, if desired<br data-start=\"605\" data-end=\"608\" \/><strong data-start=\"608\" data-end=\"627\">Legal form<\/strong> To be specified - e.g. SARL or sole proprietorship]<br data-start=\"681\" data-end=\"684\" \/><strong data-start=\"684\" data-end=\"695\">Address<\/strong> Physical address of establishment or head office].<br data-start=\"747\" data-end=\"750\" \/><strong data-start=\"750\" data-end=\"763\">Phone<\/strong> : +212 6 97 98 90 90<br data-start=\"784\" data-end=\"787\" \/><strong data-start=\"787\" data-end=\"797\">E-mail<\/strong> : <a class=\"cursor-pointer\" rel=\"noopener\" data-start=\"800\" data-end=\"832\">contact@atlasvillasmarrakech.com<\/a><\/p><p data-start=\"834\" data-end=\"968\">We manage the site's editorial content in-house. If you have any comments or questions, please contact us using the details above.<\/p><h2 data-start=\"970\" data-end=\"984\">Hosting<\/h2><p data-start=\"986\" data-end=\"1174\">The site is hosted by :<br data-start=\"1011\" data-end=\"1014\" \/><strong data-start=\"1014\" data-end=\"1021\">Name<\/strong> Host to be specified, e.g. o2switch, OVH, Hostinger, etc.].<br data-start=\"1082\" data-end=\"1085\" \/><strong data-start=\"1085\" data-end=\"1096\">Address<\/strong> Address of host's head office].<br data-start=\"1132\" data-end=\"1135\" \/><strong data-start=\"1135\" data-end=\"1143\">Website<\/strong> URL of the host site].<\/p><p data-start=\"1176\" data-end=\"1332\">We regularly monitor hosting stability and security. In the event of a malfunction, we intervene quickly to restore access.<\/p><h2 data-start=\"1334\" data-end=\"1361\">Intellectual property<\/h2><p data-start=\"1363\" data-end=\"1625\">We hold all rights to the elements present on the site: texts, visuals, photos, videos, design, logo and architecture. Any unauthorized reproduction, adaptation or distribution infringes our rights and those of the French Intellectual Property Code.<\/p><p data-start=\"1627\" data-end=\"1753\">You are free to browse the site and share our content on a personal basis, without altering or deleting our notices.<\/p><h2 data-start=\"1755\" data-end=\"1778\">Personal data<\/h2><p data-start=\"1780\" data-end=\"2039\">We comply with Moroccan data protection legislation (law 09-08). To understand how we collect, use and protect your data, please consult our <a class=\"\" href=\"https:\/\/atlasvillasmarrakech.com\/en\/\" target=\"_new\" rel=\"noopener\" data-start=\"1974\" data-end=\"2038\">Privacy policy<\/a>.<\/p><h2 data-start=\"2041\" data-end=\"2051\">Cookies<\/h2><p data-start=\"2053\" data-end=\"2210\">Our site uses cookies for strictly technical and statistical purposes. You can deactivate these cookies in your browser settings.<\/p><h2 data-start=\"2212\" data-end=\"2222\">Disputes<\/h2><p data-start=\"2224\" data-end=\"2347\">In the event of litigation relating to the use of the site, Moroccan law applies. Only the courts of Marrakech have jurisdiction.<\/p>\t\t\t\t\t\t\t\t<\/div>\n\t\t\t\t\t<\/div>\n\t\t\t\t<\/div>\n\t\t\t\t<\/div>","protected":false},"excerpt":{"rendered":"<p>Discover the legal notices of our luxury concierge agency operating in Marrakech for discerning homeowners.<\/p>","protected":false},"author":2,"featured_media":2531,"parent":0,"menu_order":0,"comment_status":"closed","ping_status":"closed","template":"","meta":{"footnotes":""},"class_list":["post-2548","page","type-page","status-publish","has-post-thumbnail","hentry"],"yoast_head":"<!-- This site is optimized with the Yoast SEO plugin v27.4 - https:\/\/yoast.com\/product\/yoast-seo-wordpress\/ -->\n<title>Mentions l\u00e9gales<\/title>\n<meta name=\"description\" content=\"D\u00e9couvrez les mentions l\u00e9gales de notre agence de conciergerie luxe op\u00e9rant \u00e0 Marrakech pour les propri\u00e9taires exigeants.\" \/>\n<meta name=\"robots\" content=\"index, follow, max-snippet:-1, max-image-preview:large, max-video-preview:-1\" \/>\n<link rel=\"canonical\" href=\"https:\/\/atlasvillasmarrakech.com\/en\/legal-information-2\/\" \/>\n<meta property=\"og:locale\" content=\"en_US\" \/>\n<meta property=\"og:type\" content=\"article\" \/>\n<meta property=\"og:title\" content=\"Mentions l\u00e9gales\" \/>\n<meta property=\"og:description\" content=\"D\u00e9couvrez les mentions l\u00e9gales de notre agence de conciergerie luxe op\u00e9rant \u00e0 Marrakech pour les propri\u00e9taires exigeants.\" \/>\n<meta property=\"og:url\" content=\"https:\/\/atlasvillasmarrakech.com\/en\/legal-information-2\/\" \/>\n<meta property=\"og:site_name\" content=\"Atlas Villas Marrakech | Conciergerie Airbnb de luxe\" \/>\n<meta property=\"article:publisher\" content=\"https:\/\/www.facebook.com\/people\/Atlas-Villas\/61576621842476\/\" \/>\n<meta property=\"article:modified_time\" content=\"2025-05-29T09:36:53+00:00\" \/>\n<meta property=\"og:image\" content=\"https:\/\/atlasvillasmarrakech.com\/wp-content\/uploads\/2025\/05\/Mentions-legales.png\" \/>\n\t<meta property=\"og:image:width\" content=\"570\" \/>\n\t<meta property=\"og:image:height\" content=\"570\" \/>\n\t<meta property=\"og:image:type\" content=\"image\/png\" \/>\n<meta name=\"twitter:card\" content=\"summary_large_image\" \/>\n<meta name=\"twitter:site\" content=\"@atlasvillas\" \/>\n<meta name=\"twitter:label1\" content=\"Est. reading time\" \/>\n\t<meta name=\"twitter:data1\" content=\"2 minutes\" \/>\n<script type=\"application\/ld+json\" class=\"yoast-schema-graph\">{\"@context\":\"https:\\\/\\\/schema.org\",\"@graph\":[{\"@type\":\"WebPage\",\"@id\":\"https:\\\/\\\/atlasvillasmarrakech.com\\\/mentions-legales-2\\\/\",\"url\":\"https:\\\/\\\/atlasvillasmarrakech.com\\\/mentions-legales-2\\\/\",\"name\":\"Mentions l\u00e9gales\",\"isPartOf\":{\"@id\":\"https:\\\/\\\/atlasvillasmarrakech.com\\\/#website\"},\"primaryImageOfPage\":{\"@id\":\"https:\\\/\\\/atlasvillasmarrakech.com\\\/mentions-legales-2\\\/#primaryimage\"},\"image\":{\"@id\":\"https:\\\/\\\/atlasvillasmarrakech.com\\\/mentions-legales-2\\\/#primaryimage\"},\"thumbnailUrl\":\"https:\\\/\\\/atlasvillasmarrakech.com\\\/wp-content\\\/uploads\\\/2025\\\/05\\\/Mentions-legales.png\",\"datePublished\":\"2025-05-28T15:38:37+00:00\",\"dateModified\":\"2025-05-29T09:36:53+00:00\",\"description\":\"D\u00e9couvrez les mentions l\u00e9gales de notre agence de conciergerie luxe op\u00e9rant \u00e0 Marrakech pour les propri\u00e9taires exigeants.\",\"breadcrumb\":{\"@id\":\"https:\\\/\\\/atlasvillasmarrakech.com\\\/mentions-legales-2\\\/#breadcrumb\"},\"inLanguage\":\"en-US\",\"potentialAction\":[{\"@type\":\"ReadAction\",\"target\":[\"https:\\\/\\\/atlasvillasmarrakech.com\\\/mentions-legales-2\\\/\"]}]},{\"@type\":\"ImageObject\",\"inLanguage\":\"en-US\",\"@id\":\"https:\\\/\\\/atlasvillasmarrakech.com\\\/mentions-legales-2\\\/#primaryimage\",\"url\":\"https:\\\/\\\/atlasvillasmarrakech.com\\\/wp-content\\\/uploads\\\/2025\\\/05\\\/Mentions-legales.png\",\"contentUrl\":\"https:\\\/\\\/atlasvillasmarrakech.com\\\/wp-content\\\/uploads\\\/2025\\\/05\\\/Mentions-legales.png\",\"width\":570,\"height\":570,\"caption\":\"Mentions l\u00e9gales\"},{\"@type\":\"BreadcrumbList\",\"@id\":\"https:\\\/\\\/atlasvillasmarrakech.com\\\/mentions-legales-2\\\/#breadcrumb\",\"itemListElement\":[{\"@type\":\"ListItem\",\"position\":1,\"name\":\"Accueil\",\"item\":\"https:\\\/\\\/atlasvillasmarrakech.com\\\/\"},{\"@type\":\"ListItem\",\"position\":2,\"name\":\"Mentions l\u00e9gales\"}]},{\"@type\":\"WebSite\",\"@id\":\"https:\\\/\\\/atlasvillasmarrakech.com\\\/#website\",\"url\":\"https:\\\/\\\/atlasvillasmarrakech.com\\\/\",\"name\":\"Atlas Villas Marrakech\",\"description\":\"Conciergerie Airbnb Marrakech | Villas de luxe\",\"publisher\":{\"@id\":\"https:\\\/\\\/atlasvillasmarrakech.com\\\/#organization\"},\"alternateName\":\"Atlas Villas\",\"potentialAction\":[{\"@type\":\"SearchAction\",\"target\":{\"@type\":\"EntryPoint\",\"urlTemplate\":\"https:\\\/\\\/atlasvillasmarrakech.com\\\/?s={search_term_string}\"},\"query-input\":{\"@type\":\"PropertyValueSpecification\",\"valueRequired\":true,\"valueName\":\"search_term_string\"}}],\"inLanguage\":\"en-US\"},{\"@type\":\"Organization\",\"@id\":\"https:\\\/\\\/atlasvillasmarrakech.com\\\/#organization\",\"name\":\"Atlas Villas Marrakech\",\"alternateName\":\"Atlas Villas\",\"url\":\"https:\\\/\\\/atlasvillasmarrakech.com\\\/\",\"logo\":{\"@type\":\"ImageObject\",\"inLanguage\":\"en-US\",\"@id\":\"https:\\\/\\\/atlasvillasmarrakech.com\\\/#\\\/schema\\\/logo\\\/image\\\/\",\"url\":\"https:\\\/\\\/atlasvillasmarrakech.com\\\/wp-content\\\/uploads\\\/2025\\\/05\\\/Logo-Atlasvillasmarrakech.webp\",\"contentUrl\":\"https:\\\/\\\/atlasvillasmarrakech.com\\\/wp-content\\\/uploads\\\/2025\\\/05\\\/Logo-Atlasvillasmarrakech.webp\",\"width\":350,\"height\":500,\"caption\":\"Atlas Villas Marrakech\"},\"image\":{\"@id\":\"https:\\\/\\\/atlasvillasmarrakech.com\\\/#\\\/schema\\\/logo\\\/image\\\/\"},\"sameAs\":[\"https:\\\/\\\/www.facebook.com\\\/people\\\/Atlas-Villas\\\/61576621842476\\\/\",\"https:\\\/\\\/x.com\\\/atlasvillas\",\"https:\\\/\\\/www.instagram.com\\\/atlasvillas_marrakech\\\/\",\"https:\\\/\\\/www.youtube.com\\\/@AtlasvillasMarrakech\",\"https:\\\/\\\/www.pinterest.com\\\/atlasvillasmarrakech\\\/\",\"https:\\\/\\\/www.tumblr.com\\\/atlasvillasmarrakech\",\"https:\\\/\\\/www.tiktok.com\\\/@atlasvillasmarrakech\"]}]}<\/script>\n<!-- \/ Yoast SEO plugin. -->","yoast_head_json":{"title":"Terms of use","description":"Discover the legal notices of our luxury concierge agency operating in Marrakech for discerning homeowners.","robots":{"index":"index","follow":"follow","max-snippet":"max-snippet:-1","max-image-preview":"max-image-preview:large","max-video-preview":"max-video-preview:-1"},"canonical":"https:\/\/atlasvillasmarrakech.com\/en\/legal-information-2\/","og_locale":"en_US","og_type":"article","og_title":"Mentions l\u00e9gales","og_description":"D\u00e9couvrez les mentions l\u00e9gales de notre agence de conciergerie luxe op\u00e9rant \u00e0 Marrakech pour les propri\u00e9taires exigeants.","og_url":"https:\/\/atlasvillasmarrakech.com\/en\/legal-information-2\/","og_site_name":"Atlas Villas Marrakech | Conciergerie Airbnb de luxe","article_publisher":"https:\/\/www.facebook.com\/people\/Atlas-Villas\/61576621842476\/","article_modified_time":"2025-05-29T09:36:53+00:00","og_image":[{"width":570,"height":570,"url":"https:\/\/atlasvillasmarrakech.com\/wp-content\/uploads\/2025\/05\/Mentions-legales.png","type":"image\/png"}],"twitter_card":"summary_large_image","twitter_site":"@atlasvillas","twitter_misc":{"Est. reading time":"2 minutes"},"schema":{"@context":"https:\/\/schema.org","@graph":[{"@type":"WebPage","@id":"https:\/\/atlasvillasmarrakech.com\/mentions-legales-2\/","url":"https:\/\/atlasvillasmarrakech.com\/mentions-legales-2\/","name":"Terms of use","isPartOf":{"@id":"https:\/\/atlasvillasmarrakech.com\/#website"},"primaryImageOfPage":{"@id":"https:\/\/atlasvillasmarrakech.com\/mentions-legales-2\/#primaryimage"},"image":{"@id":"https:\/\/atlasvillasmarrakech.com\/mentions-legales-2\/#primaryimage"},"thumbnailUrl":"https:\/\/atlasvillasmarrakech.com\/wp-content\/uploads\/2025\/05\/Mentions-legales.png","datePublished":"2025-05-28T15:38:37+00:00","dateModified":"2025-05-29T09:36:53+00:00","description":"Discover the legal notices of our luxury concierge agency operating in Marrakech for discerning homeowners.","breadcrumb":{"@id":"https:\/\/atlasvillasmarrakech.com\/mentions-legales-2\/#breadcrumb"},"inLanguage":"en-US","potentialAction":[{"@type":"ReadAction","target":["https:\/\/atlasvillasmarrakech.com\/mentions-legales-2\/"]}]},{"@type":"ImageObject","inLanguage":"en-US","@id":"https:\/\/atlasvillasmarrakech.com\/mentions-legales-2\/#primaryimage","url":"https:\/\/atlasvillasmarrakech.com\/wp-content\/uploads\/2025\/05\/Mentions-legales.png","contentUrl":"https:\/\/atlasvillasmarrakech.com\/wp-content\/uploads\/2025\/05\/Mentions-legales.png","width":570,"height":570,"caption":"Mentions l\u00e9gales"},{"@type":"BreadcrumbList","@id":"https:\/\/atlasvillasmarrakech.com\/mentions-legales-2\/#breadcrumb","itemListElement":[{"@type":"ListItem","position":1,"name":"Accueil","item":"https:\/\/atlasvillasmarrakech.com\/"},{"@type":"ListItem","position":2,"name":"Mentions l\u00e9gales"}]},{"@type":"WebSite","@id":"https:\/\/atlasvillasmarrakech.com\/#website","url":"https:\/\/atlasvillasmarrakech.com\/","name":"Atlas Villas Marrakech","description":"Conciergerie Airbnb Marrakech | Luxury Villas","publisher":{"@id":"https:\/\/atlasvillasmarrakech.com\/#organization"},"alternateName":"Atlas Villas","potentialAction":[{"@type":"SearchAction","target":{"@type":"EntryPoint","urlTemplate":"https:\/\/atlasvillasmarrakech.com\/?s={search_term_string}"},"query-input":{"@type":"PropertyValueSpecification","valueRequired":true,"valueName":"search_term_string"}}],"inLanguage":"en-US"},{"@type":"Organization","@id":"https:\/\/atlasvillasmarrakech.com\/#organization","name":"Atlas Villas Marrakech","alternateName":"Atlas Villas","url":"https:\/\/atlasvillasmarrakech.com\/","logo":{"@type":"ImageObject","inLanguage":"en-US","@id":"https:\/\/atlasvillasmarrakech.com\/#\/schema\/logo\/image\/","url":"https:\/\/atlasvillasmarrakech.com\/wp-content\/uploads\/2025\/05\/Logo-Atlasvillasmarrakech.webp","contentUrl":"https:\/\/atlasvillasmarrakech.com\/wp-content\/uploads\/2025\/05\/Logo-Atlasvillasmarrakech.webp","width":350,"height":500,"caption":"Atlas Villas Marrakech"},"image":{"@id":"https:\/\/atlasvillasmarrakech.com\/#\/schema\/logo\/image\/"},"sameAs":["https:\/\/www.facebook.com\/people\/Atlas-Villas\/61576621842476\/","https:\/\/x.com\/atlasvillas","https:\/\/www.instagram.com\/atlasvillas_marrakech\/","https:\/\/www.youtube.com\/@AtlasvillasMarrakech","https:\/\/www.pinterest.com\/atlasvillasmarrakech\/","https:\/\/www.tumblr.com\/atlasvillasmarrakech","https:\/\/www.tiktok.com\/@atlasvillasmarrakech"]}]}},"_links":{"self":[{"href":"https:\/\/atlasvillasmarrakech.com\/en\/wp-json\/wp\/v2\/pages\/2548","targetHints":{"allow":["GET"]}}],"collection":[{"href":"https:\/\/atlasvillasmarrakech.com\/en\/wp-json\/wp\/v2\/pages"}],"about":[{"href":"https:\/\/atlasvillasmarrakech.com\/en\/wp-json\/wp\/v2\/types\/page"}],"author":[{"embeddable":true,"href":"https:\/\/atlasvillasmarrakech.com\/en\/wp-json\/wp\/v2\/users\/2"}],"replies":[{"embeddable":true,"href":"https:\/\/atlasvillasmarrakech.com\/en\/wp-json\/wp\/v2\/comments?post=2548"}],"version-history":[{"count":0,"href":"https:\/\/atlasvillasmarrakech.com\/en\/wp-json\/wp\/v2\/pages\/2548\/revisions"}],"wp:featuredmedia":[{"embeddable":true,"href":"https:\/\/atlasvillasmarrakech.com\/en\/wp-json\/wp\/v2\/media\/2531"}],"wp:attachment":[{"href":"https:\/\/atlasvillasmarrakech.com\/en\/wp-json\/wp\/v2\/media?parent=2548"}],"curies":[{"name":"wp","href":"https:\/\/api.w.org\/{rel}","templated":true}]}}