{"id":2540,"date":"2025-05-28T15:28:23","date_gmt":"2025-05-28T15:28:23","guid":{"rendered":"https:\/\/atlasvillasmarrakech.com\/?page_id=2540"},"modified":"2025-05-29T08:42:48","modified_gmt":"2025-05-29T08:42:48","slug":"general-conditions-of-use","status":"publish","type":"page","link":"https:\/\/atlasvillasmarrakech.com\/en\/general-conditions-of-use\/","title":{"rendered":"Terms and conditions of use"},"content":{"rendered":"<div data-elementor-type=\"wp-page\" data-elementor-id=\"2540\" class=\"elementor elementor-2540\" data-elementor-post-type=\"page\">\n\t\t\t\t<div class=\"elementor-element elementor-element-a979e1c e-flex e-con-boxed e-con e-parent\" data-id=\"a979e1c\" data-element_type=\"container\" data-e-type=\"container\" data-settings=\"{&quot;background_background&quot;:&quot;classic&quot;}\">\n\t\t\t\t\t<div class=\"e-con-inner\">\n\t\t<div class=\"elementor-element elementor-element-d54012a e-con-full e-flex e-con e-child\" data-id=\"d54012a\" data-element_type=\"container\" data-e-type=\"container\">\n\t\t\t\t<div class=\"elementor-element elementor-element-36c5229 elementor-align-center elementor-widget elementor-widget-breadcrumbs\" data-id=\"36c5229\" data-element_type=\"widget\" data-e-type=\"widget\" data-widget_type=\"breadcrumbs.default\">\n\t\t\t\t\t<p id=\"breadcrumbs\"><span><span><a href=\"https:\/\/atlasvillasmarrakech.com\/en\">Home<\/a><\/span><\/span><\/p>\t\t\t\t<\/div>\n\t\t\t\t<div class=\"elementor-element elementor-element-6bcb371 elementor-widget elementor-widget-heading\" data-id=\"6bcb371\" data-element_type=\"widget\" data-e-type=\"widget\" data-widget_type=\"heading.default\">\n\t\t\t\t\t<h1 class=\"elementor-heading-title elementor-size-default\">Terms and conditions of use<\/h1>\t\t\t\t<\/div>\n\t\t\t\t<div class=\"elementor-element elementor-element-2ce042e elementor-widget__width-initial elementor-widget-mobile__width-inherit elementor-widget elementor-widget-text-editor\" data-id=\"2ce042e\" data-element_type=\"widget\" data-e-type=\"widget\" data-widget_type=\"text-editor.default\">\n\t\t\t\t\t\t\t\t\t<p data-start=\"2713\" data-end=\"2891\">See ATLAS VILLAS Marrakech Terms and Conditions of Use: site access, ownership, liability, use and direct contact.<\/p>\t\t\t\t\t\t\t\t<\/div>\n\t\t\t\t<\/div>\n\t\t\t\t\t<\/div>\n\t\t\t\t<\/div>\n\t\t<div class=\"elementor-element elementor-element-1f4127d e-flex e-con-boxed e-con e-parent\" data-id=\"1f4127d\" data-element_type=\"container\" data-e-type=\"container\">\n\t\t\t\t\t<div class=\"e-con-inner\">\n\t\t\t\t<div class=\"elementor-element elementor-element-9e7bf70 elementor-widget elementor-widget-text-editor\" data-id=\"9e7bf70\" data-element_type=\"widget\" data-e-type=\"widget\" data-widget_type=\"text-editor.default\">\n\t\t\t\t\t\t\t\t\t<p data-start=\"267\" data-end=\"524\">Visit <strong data-start=\"271\" data-end=\"309\">Terms and conditions of use<\/strong> of ATLAS VILLAS Marrakech govern access to and use of our website. <a class=\"\" href=\"https:\/\/atlasvillasmarrakech.com\/en\/\" target=\"_new\" rel=\"noopener\" data-start=\"387\" data-end=\"447\">atlasvillasmarrakech.com<\/a>. By browsing our platform, you fully accept these conditions.<\/p><h2 data-start=\"526\" data-end=\"542\">Site access<\/h2><p data-start=\"544\" data-end=\"755\">We guarantee free and unrestricted access to the site, 24 hours a day, 7 days a week. However, we may suspend or restrict access temporarily for maintenance or security reasons, without prior notice.<\/p><p data-start=\"757\" data-end=\"915\">You must have a reliable Internet connection. We do not cover the cost of any equipment or subscription required to use our site.<\/p><h2 data-start=\"917\" data-end=\"937\">Contents<\/h2><p data-start=\"939\" data-end=\"1175\">We regularly update information about our villas, services and prices. Despite our vigilance, errors may occur. If you notice an inaccuracy, please contact us immediately. We will correct it immediately.<\/p><p data-start=\"1177\" data-end=\"1410\">Photos, descriptions and content on the site are provided for information purposes only. They do not constitute a contractual commitment. Availability, prices and specific conditions are confirmed at the time of each reservation.<\/p><h2 data-start=\"1412\" data-end=\"1439\">Intellectual property<\/h2><p data-start=\"1441\" data-end=\"1675\">ATLAS VILLAS Marrakech holds all intellectual property rights to the content of the site: texts, images, logos, videos, design. Any unauthorized reproduction, distribution or use constitutes an infringement.<\/p><p data-start=\"1677\" data-end=\"1879\">You may consult and share the pages of the site for strictly personal and non-commercial use. For any other use, please request written authorization from <strong data-start=\"1842\" data-end=\"1878\"><a class=\"cursor-pointer\" rel=\"noopener\" data-start=\"1844\" data-end=\"1876\">contact@atlasvillasmarrakech.com<\/a><\/strong>.<\/p><h2 data-start=\"1881\" data-end=\"1899\">Responsibilities<\/h2><p data-start=\"1901\" data-end=\"2131\">We ensure the secure operation of our site, but we cannot guarantee that browsing will be completely free of errors or interruptions. In the event of a technical problem, we will act quickly to restore service.<\/p><p data-start=\"2133\" data-end=\"2268\">We accept no liability for damage caused by inappropriate use of the site or temporary interruption of service.<\/p><h2 data-start=\"2270\" data-end=\"2287\">External links<\/h2><p data-start=\"2289\" data-end=\"2536\">The site may contain links to other platforms. These links are provided for your convenience. ATLAS VILLAS Marrakech has no control over the content of these external sites and accepts no responsibility for their reliability or security.<\/p><h2 data-start=\"2538\" data-end=\"2548\">Contact<\/h2><p data-start=\"2550\" data-end=\"2706\">If you have any questions about these conditions, please write to us at <strong data-start=\"2627\" data-end=\"2663\"><a class=\"cursor-pointer\" rel=\"noopener\" data-start=\"2629\" data-end=\"2661\">contact@atlasvillasmarrakech.com<\/a><\/strong> or call us on <strong data-start=\"2683\" data-end=\"2705\">+212 6 97 98 90 90<\/strong>.<\/p>\t\t\t\t\t\t\t\t<\/div>\n\t\t\t\t\t<\/div>\n\t\t\t\t<\/div>\n\t\t\t\t<\/div>","protected":false},"excerpt":{"rendered":"<p>Please read our general conditions of use, which define the rules of access, responsibilities and rights relating to the use of this site.<\/p>","protected":false},"author":2,"featured_media":2530,"parent":0,"menu_order":0,"comment_status":"closed","ping_status":"closed","template":"","meta":{"footnotes":""},"class_list":["post-2540","page","type-page","status-publish","has-post-thumbnail","hentry"],"yoast_head":"<!-- This site is optimized with the Yoast SEO plugin v27.4 - https:\/\/yoast.com\/product\/yoast-seo-wordpress\/ -->\n<title>Conditions g\u00e9n\u00e9rales d\u2019utilisation<\/title>\n<meta name=\"description\" content=\"Lisez nos conditions g\u00e9n\u00e9rales d\u2019utilisation d\u00e9finissant les r\u00e8gles d\u2019acc\u00e8s, responsabilit\u00e9s et droits li\u00e9s \u00e0 l\u2019usage de ce site.\" \/>\n<meta name=\"robots\" content=\"index, follow, max-snippet:-1, max-image-preview:large, max-video-preview:-1\" \/>\n<link rel=\"canonical\" href=\"https:\/\/atlasvillasmarrakech.com\/en\/general-conditions-of-use\/\" \/>\n<meta property=\"og:locale\" content=\"en_US\" \/>\n<meta property=\"og:type\" content=\"article\" \/>\n<meta property=\"og:title\" content=\"Conditions g\u00e9n\u00e9rales d\u2019utilisation\" \/>\n<meta property=\"og:description\" content=\"Lisez nos conditions g\u00e9n\u00e9rales d\u2019utilisation d\u00e9finissant les r\u00e8gles d\u2019acc\u00e8s, responsabilit\u00e9s et droits li\u00e9s \u00e0 l\u2019usage de ce site.\" \/>\n<meta property=\"og:url\" content=\"https:\/\/atlasvillasmarrakech.com\/en\/general-conditions-of-use\/\" \/>\n<meta property=\"og:site_name\" content=\"Atlas Villas Marrakech | Conciergerie Airbnb de luxe\" \/>\n<meta property=\"article:publisher\" content=\"https:\/\/www.facebook.com\/people\/Atlas-Villas\/61576621842476\/\" \/>\n<meta property=\"article:modified_time\" content=\"2025-05-29T08:42:48+00:00\" \/>\n<meta property=\"og:image\" content=\"https:\/\/atlasvillasmarrakech.com\/wp-content\/uploads\/2025\/05\/Conditions-generales-dutilisation.png\" \/>\n\t<meta property=\"og:image:width\" content=\"570\" \/>\n\t<meta property=\"og:image:height\" content=\"570\" \/>\n\t<meta property=\"og:image:type\" content=\"image\/png\" \/>\n<meta name=\"twitter:card\" content=\"summary_large_image\" \/>\n<meta name=\"twitter:site\" content=\"@atlasvillas\" \/>\n<meta name=\"twitter:label1\" content=\"Est. reading time\" \/>\n\t<meta name=\"twitter:data1\" content=\"2 minutes\" \/>\n<script type=\"application\/ld+json\" class=\"yoast-schema-graph\">{\"@context\":\"https:\\\/\\\/schema.org\",\"@graph\":[{\"@type\":\"WebPage\",\"@id\":\"https:\\\/\\\/atlasvillasmarrakech.com\\\/conditions-generales-utilisation\\\/\",\"url\":\"https:\\\/\\\/atlasvillasmarrakech.com\\\/conditions-generales-utilisation\\\/\",\"name\":\"Conditions g\u00e9n\u00e9rales d\u2019utilisation\",\"isPartOf\":{\"@id\":\"https:\\\/\\\/atlasvillasmarrakech.com\\\/#website\"},\"primaryImageOfPage\":{\"@id\":\"https:\\\/\\\/atlasvillasmarrakech.com\\\/conditions-generales-utilisation\\\/#primaryimage\"},\"image\":{\"@id\":\"https:\\\/\\\/atlasvillasmarrakech.com\\\/conditions-generales-utilisation\\\/#primaryimage\"},\"thumbnailUrl\":\"https:\\\/\\\/atlasvillasmarrakech.com\\\/wp-content\\\/uploads\\\/2025\\\/05\\\/Conditions-generales-dutilisation.png\",\"datePublished\":\"2025-05-28T15:28:23+00:00\",\"dateModified\":\"2025-05-29T08:42:48+00:00\",\"description\":\"Lisez nos conditions g\u00e9n\u00e9rales d\u2019utilisation d\u00e9finissant les r\u00e8gles d\u2019acc\u00e8s, responsabilit\u00e9s et droits li\u00e9s \u00e0 l\u2019usage de ce site.\",\"breadcrumb\":{\"@id\":\"https:\\\/\\\/atlasvillasmarrakech.com\\\/conditions-generales-utilisation\\\/#breadcrumb\"},\"inLanguage\":\"en-US\",\"potentialAction\":[{\"@type\":\"ReadAction\",\"target\":[\"https:\\\/\\\/atlasvillasmarrakech.com\\\/conditions-generales-utilisation\\\/\"]}]},{\"@type\":\"ImageObject\",\"inLanguage\":\"en-US\",\"@id\":\"https:\\\/\\\/atlasvillasmarrakech.com\\\/conditions-generales-utilisation\\\/#primaryimage\",\"url\":\"https:\\\/\\\/atlasvillasmarrakech.com\\\/wp-content\\\/uploads\\\/2025\\\/05\\\/Conditions-generales-dutilisation.png\",\"contentUrl\":\"https:\\\/\\\/atlasvillasmarrakech.com\\\/wp-content\\\/uploads\\\/2025\\\/05\\\/Conditions-generales-dutilisation.png\",\"width\":570,\"height\":570,\"caption\":\"Conditions g\u00e9n\u00e9rales d\u2019utilisation\"},{\"@type\":\"BreadcrumbList\",\"@id\":\"https:\\\/\\\/atlasvillasmarrakech.com\\\/conditions-generales-utilisation\\\/#breadcrumb\",\"itemListElement\":[{\"@type\":\"ListItem\",\"position\":1,\"name\":\"Accueil\",\"item\":\"https:\\\/\\\/atlasvillasmarrakech.com\\\/\"},{\"@type\":\"ListItem\",\"position\":2,\"name\":\"Conditions g\u00e9n\u00e9rales d\u2019utilisation\"}]},{\"@type\":\"WebSite\",\"@id\":\"https:\\\/\\\/atlasvillasmarrakech.com\\\/#website\",\"url\":\"https:\\\/\\\/atlasvillasmarrakech.com\\\/\",\"name\":\"Atlas Villas Marrakech\",\"description\":\"Conciergerie Airbnb Marrakech | Villas de luxe\",\"publisher\":{\"@id\":\"https:\\\/\\\/atlasvillasmarrakech.com\\\/#organization\"},\"alternateName\":\"Atlas Villas\",\"potentialAction\":[{\"@type\":\"SearchAction\",\"target\":{\"@type\":\"EntryPoint\",\"urlTemplate\":\"https:\\\/\\\/atlasvillasmarrakech.com\\\/?s={search_term_string}\"},\"query-input\":{\"@type\":\"PropertyValueSpecification\",\"valueRequired\":true,\"valueName\":\"search_term_string\"}}],\"inLanguage\":\"en-US\"},{\"@type\":\"Organization\",\"@id\":\"https:\\\/\\\/atlasvillasmarrakech.com\\\/#organization\",\"name\":\"Atlas Villas Marrakech\",\"alternateName\":\"Atlas Villas\",\"url\":\"https:\\\/\\\/atlasvillasmarrakech.com\\\/\",\"logo\":{\"@type\":\"ImageObject\",\"inLanguage\":\"en-US\",\"@id\":\"https:\\\/\\\/atlasvillasmarrakech.com\\\/#\\\/schema\\\/logo\\\/image\\\/\",\"url\":\"https:\\\/\\\/atlasvillasmarrakech.com\\\/wp-content\\\/uploads\\\/2025\\\/05\\\/Logo-Atlasvillasmarrakech.webp\",\"contentUrl\":\"https:\\\/\\\/atlasvillasmarrakech.com\\\/wp-content\\\/uploads\\\/2025\\\/05\\\/Logo-Atlasvillasmarrakech.webp\",\"width\":350,\"height\":500,\"caption\":\"Atlas Villas Marrakech\"},\"image\":{\"@id\":\"https:\\\/\\\/atlasvillasmarrakech.com\\\/#\\\/schema\\\/logo\\\/image\\\/\"},\"sameAs\":[\"https:\\\/\\\/www.facebook.com\\\/people\\\/Atlas-Villas\\\/61576621842476\\\/\",\"https:\\\/\\\/x.com\\\/atlasvillas\",\"https:\\\/\\\/www.instagram.com\\\/atlasvillas_marrakech\\\/\",\"https:\\\/\\\/www.youtube.com\\\/@AtlasvillasMarrakech\",\"https:\\\/\\\/www.pinterest.com\\\/atlasvillasmarrakech\\\/\",\"https:\\\/\\\/www.tumblr.com\\\/atlasvillasmarrakech\",\"https:\\\/\\\/www.tiktok.com\\\/@atlasvillasmarrakech\"]}]}<\/script>\n<!-- \/ Yoast SEO plugin. -->","yoast_head_json":{"title":"Terms and conditions of use","description":"Please read our general conditions of use, which define the rules of access, responsibilities and rights relating to the use of this site.","robots":{"index":"index","follow":"follow","max-snippet":"max-snippet:-1","max-image-preview":"max-image-preview:large","max-video-preview":"max-video-preview:-1"},"canonical":"https:\/\/atlasvillasmarrakech.com\/en\/general-conditions-of-use\/","og_locale":"en_US","og_type":"article","og_title":"Conditions g\u00e9n\u00e9rales d\u2019utilisation","og_description":"Lisez nos conditions g\u00e9n\u00e9rales d\u2019utilisation d\u00e9finissant les r\u00e8gles d\u2019acc\u00e8s, responsabilit\u00e9s et droits li\u00e9s \u00e0 l\u2019usage de ce site.","og_url":"https:\/\/atlasvillasmarrakech.com\/en\/general-conditions-of-use\/","og_site_name":"Atlas Villas Marrakech | Conciergerie Airbnb de luxe","article_publisher":"https:\/\/www.facebook.com\/people\/Atlas-Villas\/61576621842476\/","article_modified_time":"2025-05-29T08:42:48+00:00","og_image":[{"width":570,"height":570,"url":"https:\/\/atlasvillasmarrakech.com\/wp-content\/uploads\/2025\/05\/Conditions-generales-dutilisation.png","type":"image\/png"}],"twitter_card":"summary_large_image","twitter_site":"@atlasvillas","twitter_misc":{"Est. reading time":"2 minutes"},"schema":{"@context":"https:\/\/schema.org","@graph":[{"@type":"WebPage","@id":"https:\/\/atlasvillasmarrakech.com\/conditions-generales-utilisation\/","url":"https:\/\/atlasvillasmarrakech.com\/conditions-generales-utilisation\/","name":"Terms and conditions of use","isPartOf":{"@id":"https:\/\/atlasvillasmarrakech.com\/#website"},"primaryImageOfPage":{"@id":"https:\/\/atlasvillasmarrakech.com\/conditions-generales-utilisation\/#primaryimage"},"image":{"@id":"https:\/\/atlasvillasmarrakech.com\/conditions-generales-utilisation\/#primaryimage"},"thumbnailUrl":"https:\/\/atlasvillasmarrakech.com\/wp-content\/uploads\/2025\/05\/Conditions-generales-dutilisation.png","datePublished":"2025-05-28T15:28:23+00:00","dateModified":"2025-05-29T08:42:48+00:00","description":"Please read our general conditions of use, which define the rules of access, responsibilities and rights relating to the use of this site.","breadcrumb":{"@id":"https:\/\/atlasvillasmarrakech.com\/conditions-generales-utilisation\/#breadcrumb"},"inLanguage":"en-US","potentialAction":[{"@type":"ReadAction","target":["https:\/\/atlasvillasmarrakech.com\/conditions-generales-utilisation\/"]}]},{"@type":"ImageObject","inLanguage":"en-US","@id":"https:\/\/atlasvillasmarrakech.com\/conditions-generales-utilisation\/#primaryimage","url":"https:\/\/atlasvillasmarrakech.com\/wp-content\/uploads\/2025\/05\/Conditions-generales-dutilisation.png","contentUrl":"https:\/\/atlasvillasmarrakech.com\/wp-content\/uploads\/2025\/05\/Conditions-generales-dutilisation.png","width":570,"height":570,"caption":"Conditions g\u00e9n\u00e9rales d\u2019utilisation"},{"@type":"BreadcrumbList","@id":"https:\/\/atlasvillasmarrakech.com\/conditions-generales-utilisation\/#breadcrumb","itemListElement":[{"@type":"ListItem","position":1,"name":"Accueil","item":"https:\/\/atlasvillasmarrakech.com\/"},{"@type":"ListItem","position":2,"name":"Conditions g\u00e9n\u00e9rales d\u2019utilisation"}]},{"@type":"WebSite","@id":"https:\/\/atlasvillasmarrakech.com\/#website","url":"https:\/\/atlasvillasmarrakech.com\/","name":"Atlas Villas Marrakech","description":"Conciergerie Airbnb Marrakech | Luxury Villas","publisher":{"@id":"https:\/\/atlasvillasmarrakech.com\/#organization"},"alternateName":"Atlas Villas","potentialAction":[{"@type":"SearchAction","target":{"@type":"EntryPoint","urlTemplate":"https:\/\/atlasvillasmarrakech.com\/?s={search_term_string}"},"query-input":{"@type":"PropertyValueSpecification","valueRequired":true,"valueName":"search_term_string"}}],"inLanguage":"en-US"},{"@type":"Organization","@id":"https:\/\/atlasvillasmarrakech.com\/#organization","name":"Atlas Villas Marrakech","alternateName":"Atlas Villas","url":"https:\/\/atlasvillasmarrakech.com\/","logo":{"@type":"ImageObject","inLanguage":"en-US","@id":"https:\/\/atlasvillasmarrakech.com\/#\/schema\/logo\/image\/","url":"https:\/\/atlasvillasmarrakech.com\/wp-content\/uploads\/2025\/05\/Logo-Atlasvillasmarrakech.webp","contentUrl":"https:\/\/atlasvillasmarrakech.com\/wp-content\/uploads\/2025\/05\/Logo-Atlasvillasmarrakech.webp","width":350,"height":500,"caption":"Atlas Villas Marrakech"},"image":{"@id":"https:\/\/atlasvillasmarrakech.com\/#\/schema\/logo\/image\/"},"sameAs":["https:\/\/www.facebook.com\/people\/Atlas-Villas\/61576621842476\/","https:\/\/x.com\/atlasvillas","https:\/\/www.instagram.com\/atlasvillas_marrakech\/","https:\/\/www.youtube.com\/@AtlasvillasMarrakech","https:\/\/www.pinterest.com\/atlasvillasmarrakech\/","https:\/\/www.tumblr.com\/atlasvillasmarrakech","https:\/\/www.tiktok.com\/@atlasvillasmarrakech"]}]}},"_links":{"self":[{"href":"https:\/\/atlasvillasmarrakech.com\/en\/wp-json\/wp\/v2\/pages\/2540","targetHints":{"allow":["GET"]}}],"collection":[{"href":"https:\/\/atlasvillasmarrakech.com\/en\/wp-json\/wp\/v2\/pages"}],"about":[{"href":"https:\/\/atlasvillasmarrakech.com\/en\/wp-json\/wp\/v2\/types\/page"}],"author":[{"embeddable":true,"href":"https:\/\/atlasvillasmarrakech.com\/en\/wp-json\/wp\/v2\/users\/2"}],"replies":[{"embeddable":true,"href":"https:\/\/atlasvillasmarrakech.com\/en\/wp-json\/wp\/v2\/comments?post=2540"}],"version-history":[{"count":0,"href":"https:\/\/atlasvillasmarrakech.com\/en\/wp-json\/wp\/v2\/pages\/2540\/revisions"}],"wp:featuredmedia":[{"embeddable":true,"href":"https:\/\/atlasvillasmarrakech.com\/en\/wp-json\/wp\/v2\/media\/2530"}],"wp:attachment":[{"href":"https:\/\/atlasvillasmarrakech.com\/en\/wp-json\/wp\/v2\/media?parent=2540"}],"curies":[{"name":"wp","href":"https:\/\/api.w.org\/{rel}","templated":true}]}}