{"id":21,"date":"2025-05-28T13:59:10","date_gmt":"2025-05-28T13:59:10","guid":{"rendered":"https:\/\/atlasvillasmarrakech.com\/?page_id=21"},"modified":"2025-05-29T08:46:36","modified_gmt":"2025-05-29T08:46:36","slug":"privacy-policy","status":"publish","type":"page","link":"https:\/\/atlasvillasmarrakech.com\/en\/privacy-policy\/","title":{"rendered":"Privacy policy"},"content":{"rendered":"<div data-elementor-type=\"wp-page\" data-elementor-id=\"21\" class=\"elementor elementor-21\" data-elementor-post-type=\"page\">\n\t\t\t\t<div class=\"elementor-element elementor-element-0f70839 e-flex e-con-boxed e-con e-parent\" data-id=\"0f70839\" data-element_type=\"container\" data-e-type=\"container\" data-settings=\"{&quot;background_background&quot;:&quot;classic&quot;}\">\n\t\t\t\t\t<div class=\"e-con-inner\">\n\t\t<div class=\"elementor-element elementor-element-f7d51c0 e-con-full e-flex e-con e-child\" data-id=\"f7d51c0\" data-element_type=\"container\" data-e-type=\"container\">\n\t\t\t\t<div class=\"elementor-element elementor-element-d531dc6 elementor-align-center elementor-widget elementor-widget-breadcrumbs\" data-id=\"d531dc6\" data-element_type=\"widget\" data-e-type=\"widget\" data-widget_type=\"breadcrumbs.default\">\n\t\t\t\t\t<p id=\"breadcrumbs\"><span><span><a href=\"https:\/\/atlasvillasmarrakech.com\/en\">Home<\/a><\/span><\/span><\/p>\t\t\t\t<\/div>\n\t\t\t\t<div class=\"elementor-element elementor-element-72be6f1 elementor-widget elementor-widget-heading\" data-id=\"72be6f1\" data-element_type=\"widget\" data-e-type=\"widget\" data-widget_type=\"heading.default\">\n\t\t\t\t\t<h1 class=\"elementor-heading-title elementor-size-default\">Privacy policy<\/h1>\t\t\t\t<\/div>\n\t\t\t\t<div class=\"elementor-element elementor-element-aada385 elementor-widget__width-initial elementor-widget-mobile__width-inherit elementor-widget elementor-widget-text-editor\" data-id=\"aada385\" data-element_type=\"widget\" data-e-type=\"widget\" data-widget_type=\"text-editor.default\">\n\t\t\t\t\t\t\t\t\t<p data-start=\"2508\" data-end=\"2673\">ATLAS VILLAS Marrakech's Privacy Policy details the use, security and your rights regarding your personal data.<\/p>\t\t\t\t\t\t\t\t<\/div>\n\t\t\t\t<\/div>\n\t\t\t\t\t<\/div>\n\t\t\t\t<\/div>\n\t\t<div class=\"elementor-element elementor-element-4727db2 e-flex e-con-boxed e-con e-parent\" data-id=\"4727db2\" data-element_type=\"container\" data-e-type=\"container\">\n\t\t\t\t\t<div class=\"e-con-inner\">\n\t\t\t\t<div class=\"elementor-element elementor-element-a3d75e3 elementor-widget elementor-widget-text-editor\" data-id=\"a3d75e3\" data-element_type=\"widget\" data-e-type=\"widget\" data-widget_type=\"text-editor.default\">\n\t\t\t\t\t\t\t\t\t<p data-start=\"248\" data-end=\"522\">ATLAS VILLAS Marrakech pays strict attention to the confidentiality of your data. This <strong data-start=\"344\" data-end=\"376\">Privacy policy<\/strong> clearly informs you about the data we collect, how we use it, and the measures we take to protect it.<\/p><h2 data-start=\"524\" data-end=\"565\">We collect only the essentials<\/h2><p data-start=\"567\" data-end=\"762\">When you reserve a villa, fill in a form or contact us, you give us certain information:<br data-start=\"690\" data-end=\"693\" \/>- your name,<br data-start=\"705\" data-end=\"708\" \/>- your e-mail address,<br data-start=\"731\" data-end=\"734\" \/>- your phone number.<\/p><p data-start=\"764\" data-end=\"1017\">We also record technical data during your browsing: type of device, browser, pages visited, anonymized IP address.<br data-start=\"909\" data-end=\"912\" \/>We never store your bank details. Our payment partners secure every transaction.<\/p><h2 data-start=\"1019\" data-end=\"1063\">We use your data with precision<\/h2><p data-start=\"1065\" data-end=\"1399\">We use your data to provide you with an efficient, personalized service. These are our objectives:<br data-start=\"1168\" data-end=\"1171\" \/>- process your reservations and respond to your requests,<br data-start=\"1225\" data-end=\"1228\" \/>- send you useful information about your stay,<br data-start=\"1288\" data-end=\"1291\" \/>- improve the fluidity and performance of our site,<br data-start=\"1347\" data-end=\"1350\" \/>- guarantee the security of your exchanges with us.<\/p><p data-start=\"1401\" data-end=\"1527\">We keep your information to ourselves. No sharing, no reselling, no external use without your explicit consent.<\/p><h2 data-start=\"1529\" data-end=\"1583\">We use cookies, so you stay in control<\/h2><p data-start=\"1585\" data-end=\"1779\">We place cookies on your device to analyze site traffic and simplify navigation. You can deactivate these cookies at any time from your browser.<\/p><h2 data-start=\"1781\" data-end=\"1834\">We respect clear retention periods<\/h2><p data-start=\"1836\" data-end=\"1979\">We only keep your data for as long as is necessary for our purposes. Once this period has elapsed, we securely delete it.<\/p><h2 data-start=\"1981\" data-end=\"2027\">We actively protect your information<\/h2><p data-start=\"2029\" data-end=\"2191\">We implement rigorous protection systems. Our tools and procedures prevent any unauthorized access or accidental loss of your data.<\/p><h2 data-start=\"2193\" data-end=\"2230\">Exercising your rights is easy<\/h2><p data-start=\"2232\" data-end=\"2400\">You can access your data at any time, ask for it to be modified or request that it be deleted. To do so, please contact us at <strong data-start=\"2363\" data-end=\"2399\"><a class=\"cursor-pointer\" rel=\"noopener\" data-start=\"2365\" data-end=\"2397\">contact@atlasvillasmarrakech.com<\/a><\/strong>.<\/p><h2 data-start=\"2402\" data-end=\"2419\">Direct contact<\/h2><p data-start=\"2421\" data-end=\"2501\">\ud83d\udcde Telephone: +212 6 97 98 90 90<br data-start=\"2454\" data-end=\"2457\" \/>\ud83d\udce9 E-mail : <a class=\"cursor-pointer\" rel=\"noopener\" data-start=\"2469\" data-end=\"2501\">contact@atlasvillasmarrakech.com<\/a><\/p>\t\t\t\t\t\t\t\t<\/div>\n\t\t\t\t\t<\/div>\n\t\t\t\t<\/div>\n\t\t\t\t<\/div>","protected":false},"excerpt":{"rendered":"<p>ATLAS VILLAS Marrakech's Privacy Policy details the use, security and your rights regarding your personal data.<\/p>","protected":false},"author":2,"featured_media":2532,"parent":0,"menu_order":0,"comment_status":"closed","ping_status":"closed","template":"","meta":{"footnotes":""},"class_list":["post-21","page","type-page","status-publish","has-post-thumbnail","hentry"],"yoast_head":"<!-- This site is optimized with the Yoast SEO plugin v27.4 - https:\/\/yoast.com\/product\/yoast-seo-wordpress\/ -->\n<title>Politique de confidentialit\u00e9<\/title>\n<meta name=\"description\" content=\"La Politique de confidentialit\u00e9 d\u2019ATLAS VILLAS Marrakech d\u00e9taille l\u2019usage, la s\u00e9curit\u00e9 et vos droits sur vos donn\u00e9es personnelles.\" \/>\n<meta name=\"robots\" content=\"index, follow, max-snippet:-1, max-image-preview:large, max-video-preview:-1\" \/>\n<link rel=\"canonical\" href=\"https:\/\/atlasvillasmarrakech.com\/en\/privacy-policy\/\" \/>\n<meta property=\"og:locale\" content=\"en_US\" \/>\n<meta property=\"og:type\" content=\"article\" \/>\n<meta property=\"og:title\" content=\"Politique de confidentialit\u00e9\" \/>\n<meta property=\"og:description\" content=\"La Politique de confidentialit\u00e9 d\u2019ATLAS VILLAS Marrakech d\u00e9taille l\u2019usage, la s\u00e9curit\u00e9 et vos droits sur vos donn\u00e9es personnelles.\" \/>\n<meta property=\"og:url\" content=\"https:\/\/atlasvillasmarrakech.com\/en\/privacy-policy\/\" \/>\n<meta property=\"og:site_name\" content=\"Atlas Villas Marrakech | Conciergerie Airbnb de luxe\" \/>\n<meta property=\"article:publisher\" content=\"https:\/\/www.facebook.com\/people\/Atlas-Villas\/61576621842476\/\" \/>\n<meta property=\"article:modified_time\" content=\"2025-05-29T08:46:36+00:00\" \/>\n<meta property=\"og:image\" content=\"https:\/\/atlasvillasmarrakech.com\/wp-content\/uploads\/2025\/05\/Politique-de-confidentialite.png\" \/>\n\t<meta property=\"og:image:width\" content=\"570\" \/>\n\t<meta property=\"og:image:height\" content=\"570\" \/>\n\t<meta property=\"og:image:type\" content=\"image\/png\" \/>\n<meta name=\"twitter:card\" content=\"summary_large_image\" \/>\n<meta name=\"twitter:site\" content=\"@atlasvillas\" \/>\n<meta name=\"twitter:label1\" content=\"Est. reading time\" \/>\n\t<meta name=\"twitter:data1\" content=\"2 minutes\" \/>\n<script type=\"application\/ld+json\" class=\"yoast-schema-graph\">{\"@context\":\"https:\\\/\\\/schema.org\",\"@graph\":[{\"@type\":\"WebPage\",\"@id\":\"https:\\\/\\\/atlasvillasmarrakech.com\\\/politique-de-confidentialite\\\/\",\"url\":\"https:\\\/\\\/atlasvillasmarrakech.com\\\/politique-de-confidentialite\\\/\",\"name\":\"Politique de confidentialit\u00e9\",\"isPartOf\":{\"@id\":\"https:\\\/\\\/atlasvillasmarrakech.com\\\/#website\"},\"primaryImageOfPage\":{\"@id\":\"https:\\\/\\\/atlasvillasmarrakech.com\\\/politique-de-confidentialite\\\/#primaryimage\"},\"image\":{\"@id\":\"https:\\\/\\\/atlasvillasmarrakech.com\\\/politique-de-confidentialite\\\/#primaryimage\"},\"thumbnailUrl\":\"https:\\\/\\\/atlasvillasmarrakech.com\\\/wp-content\\\/uploads\\\/2025\\\/05\\\/Politique-de-confidentialite.png\",\"datePublished\":\"2025-05-28T13:59:10+00:00\",\"dateModified\":\"2025-05-29T08:46:36+00:00\",\"description\":\"La Politique de confidentialit\u00e9 d\u2019ATLAS VILLAS Marrakech d\u00e9taille l\u2019usage, la s\u00e9curit\u00e9 et vos droits sur vos donn\u00e9es personnelles.\",\"breadcrumb\":{\"@id\":\"https:\\\/\\\/atlasvillasmarrakech.com\\\/politique-de-confidentialite\\\/#breadcrumb\"},\"inLanguage\":\"en-US\",\"potentialAction\":[{\"@type\":\"ReadAction\",\"target\":[\"https:\\\/\\\/atlasvillasmarrakech.com\\\/politique-de-confidentialite\\\/\"]}]},{\"@type\":\"ImageObject\",\"inLanguage\":\"en-US\",\"@id\":\"https:\\\/\\\/atlasvillasmarrakech.com\\\/politique-de-confidentialite\\\/#primaryimage\",\"url\":\"https:\\\/\\\/atlasvillasmarrakech.com\\\/wp-content\\\/uploads\\\/2025\\\/05\\\/Politique-de-confidentialite.png\",\"contentUrl\":\"https:\\\/\\\/atlasvillasmarrakech.com\\\/wp-content\\\/uploads\\\/2025\\\/05\\\/Politique-de-confidentialite.png\",\"width\":570,\"height\":570,\"caption\":\"Politique de confidentialit\u00e9\"},{\"@type\":\"BreadcrumbList\",\"@id\":\"https:\\\/\\\/atlasvillasmarrakech.com\\\/politique-de-confidentialite\\\/#breadcrumb\",\"itemListElement\":[{\"@type\":\"ListItem\",\"position\":1,\"name\":\"Accueil\",\"item\":\"https:\\\/\\\/atlasvillasmarrakech.com\\\/\"},{\"@type\":\"ListItem\",\"position\":2,\"name\":\"Politique de confidentialit\u00e9\"}]},{\"@type\":\"WebSite\",\"@id\":\"https:\\\/\\\/atlasvillasmarrakech.com\\\/#website\",\"url\":\"https:\\\/\\\/atlasvillasmarrakech.com\\\/\",\"name\":\"Atlas Villas Marrakech\",\"description\":\"Conciergerie Airbnb Marrakech | Villas de luxe\",\"publisher\":{\"@id\":\"https:\\\/\\\/atlasvillasmarrakech.com\\\/#organization\"},\"alternateName\":\"Atlas Villas\",\"potentialAction\":[{\"@type\":\"SearchAction\",\"target\":{\"@type\":\"EntryPoint\",\"urlTemplate\":\"https:\\\/\\\/atlasvillasmarrakech.com\\\/?s={search_term_string}\"},\"query-input\":{\"@type\":\"PropertyValueSpecification\",\"valueRequired\":true,\"valueName\":\"search_term_string\"}}],\"inLanguage\":\"en-US\"},{\"@type\":\"Organization\",\"@id\":\"https:\\\/\\\/atlasvillasmarrakech.com\\\/#organization\",\"name\":\"Atlas Villas Marrakech\",\"alternateName\":\"Atlas Villas\",\"url\":\"https:\\\/\\\/atlasvillasmarrakech.com\\\/\",\"logo\":{\"@type\":\"ImageObject\",\"inLanguage\":\"en-US\",\"@id\":\"https:\\\/\\\/atlasvillasmarrakech.com\\\/#\\\/schema\\\/logo\\\/image\\\/\",\"url\":\"https:\\\/\\\/atlasvillasmarrakech.com\\\/wp-content\\\/uploads\\\/2025\\\/05\\\/Logo-Atlasvillasmarrakech.webp\",\"contentUrl\":\"https:\\\/\\\/atlasvillasmarrakech.com\\\/wp-content\\\/uploads\\\/2025\\\/05\\\/Logo-Atlasvillasmarrakech.webp\",\"width\":350,\"height\":500,\"caption\":\"Atlas Villas Marrakech\"},\"image\":{\"@id\":\"https:\\\/\\\/atlasvillasmarrakech.com\\\/#\\\/schema\\\/logo\\\/image\\\/\"},\"sameAs\":[\"https:\\\/\\\/www.facebook.com\\\/people\\\/Atlas-Villas\\\/61576621842476\\\/\",\"https:\\\/\\\/x.com\\\/atlasvillas\",\"https:\\\/\\\/www.instagram.com\\\/atlasvillas_marrakech\\\/\",\"https:\\\/\\\/www.youtube.com\\\/@AtlasvillasMarrakech\",\"https:\\\/\\\/www.pinterest.com\\\/atlasvillasmarrakech\\\/\",\"https:\\\/\\\/www.tumblr.com\\\/atlasvillasmarrakech\",\"https:\\\/\\\/www.tiktok.com\\\/@atlasvillasmarrakech\"]}]}<\/script>\n<!-- \/ Yoast SEO plugin. -->","yoast_head_json":{"title":"Privacy policy","description":"ATLAS VILLAS Marrakech's Privacy Policy details the use, security and your rights regarding your personal data.","robots":{"index":"index","follow":"follow","max-snippet":"max-snippet:-1","max-image-preview":"max-image-preview:large","max-video-preview":"max-video-preview:-1"},"canonical":"https:\/\/atlasvillasmarrakech.com\/en\/privacy-policy\/","og_locale":"en_US","og_type":"article","og_title":"Politique de confidentialit\u00e9","og_description":"La Politique de confidentialit\u00e9 d\u2019ATLAS VILLAS Marrakech d\u00e9taille l\u2019usage, la s\u00e9curit\u00e9 et vos droits sur vos donn\u00e9es personnelles.","og_url":"https:\/\/atlasvillasmarrakech.com\/en\/privacy-policy\/","og_site_name":"Atlas Villas Marrakech | Conciergerie Airbnb de luxe","article_publisher":"https:\/\/www.facebook.com\/people\/Atlas-Villas\/61576621842476\/","article_modified_time":"2025-05-29T08:46:36+00:00","og_image":[{"width":570,"height":570,"url":"https:\/\/atlasvillasmarrakech.com\/wp-content\/uploads\/2025\/05\/Politique-de-confidentialite.png","type":"image\/png"}],"twitter_card":"summary_large_image","twitter_site":"@atlasvillas","twitter_misc":{"Est. reading time":"2 minutes"},"schema":{"@context":"https:\/\/schema.org","@graph":[{"@type":"WebPage","@id":"https:\/\/atlasvillasmarrakech.com\/politique-de-confidentialite\/","url":"https:\/\/atlasvillasmarrakech.com\/politique-de-confidentialite\/","name":"Privacy policy","isPartOf":{"@id":"https:\/\/atlasvillasmarrakech.com\/#website"},"primaryImageOfPage":{"@id":"https:\/\/atlasvillasmarrakech.com\/politique-de-confidentialite\/#primaryimage"},"image":{"@id":"https:\/\/atlasvillasmarrakech.com\/politique-de-confidentialite\/#primaryimage"},"thumbnailUrl":"https:\/\/atlasvillasmarrakech.com\/wp-content\/uploads\/2025\/05\/Politique-de-confidentialite.png","datePublished":"2025-05-28T13:59:10+00:00","dateModified":"2025-05-29T08:46:36+00:00","description":"ATLAS VILLAS Marrakech's Privacy Policy details the use, security and your rights regarding your personal data.","breadcrumb":{"@id":"https:\/\/atlasvillasmarrakech.com\/politique-de-confidentialite\/#breadcrumb"},"inLanguage":"en-US","potentialAction":[{"@type":"ReadAction","target":["https:\/\/atlasvillasmarrakech.com\/politique-de-confidentialite\/"]}]},{"@type":"ImageObject","inLanguage":"en-US","@id":"https:\/\/atlasvillasmarrakech.com\/politique-de-confidentialite\/#primaryimage","url":"https:\/\/atlasvillasmarrakech.com\/wp-content\/uploads\/2025\/05\/Politique-de-confidentialite.png","contentUrl":"https:\/\/atlasvillasmarrakech.com\/wp-content\/uploads\/2025\/05\/Politique-de-confidentialite.png","width":570,"height":570,"caption":"Politique de confidentialit\u00e9"},{"@type":"BreadcrumbList","@id":"https:\/\/atlasvillasmarrakech.com\/politique-de-confidentialite\/#breadcrumb","itemListElement":[{"@type":"ListItem","position":1,"name":"Accueil","item":"https:\/\/atlasvillasmarrakech.com\/"},{"@type":"ListItem","position":2,"name":"Politique de confidentialit\u00e9"}]},{"@type":"WebSite","@id":"https:\/\/atlasvillasmarrakech.com\/#website","url":"https:\/\/atlasvillasmarrakech.com\/","name":"Atlas Villas Marrakech","description":"Conciergerie Airbnb Marrakech | Luxury Villas","publisher":{"@id":"https:\/\/atlasvillasmarrakech.com\/#organization"},"alternateName":"Atlas Villas","potentialAction":[{"@type":"SearchAction","target":{"@type":"EntryPoint","urlTemplate":"https:\/\/atlasvillasmarrakech.com\/?s={search_term_string}"},"query-input":{"@type":"PropertyValueSpecification","valueRequired":true,"valueName":"search_term_string"}}],"inLanguage":"en-US"},{"@type":"Organization","@id":"https:\/\/atlasvillasmarrakech.com\/#organization","name":"Atlas Villas Marrakech","alternateName":"Atlas Villas","url":"https:\/\/atlasvillasmarrakech.com\/","logo":{"@type":"ImageObject","inLanguage":"en-US","@id":"https:\/\/atlasvillasmarrakech.com\/#\/schema\/logo\/image\/","url":"https:\/\/atlasvillasmarrakech.com\/wp-content\/uploads\/2025\/05\/Logo-Atlasvillasmarrakech.webp","contentUrl":"https:\/\/atlasvillasmarrakech.com\/wp-content\/uploads\/2025\/05\/Logo-Atlasvillasmarrakech.webp","width":350,"height":500,"caption":"Atlas Villas Marrakech"},"image":{"@id":"https:\/\/atlasvillasmarrakech.com\/#\/schema\/logo\/image\/"},"sameAs":["https:\/\/www.facebook.com\/people\/Atlas-Villas\/61576621842476\/","https:\/\/x.com\/atlasvillas","https:\/\/www.instagram.com\/atlasvillas_marrakech\/","https:\/\/www.youtube.com\/@AtlasvillasMarrakech","https:\/\/www.pinterest.com\/atlasvillasmarrakech\/","https:\/\/www.tumblr.com\/atlasvillasmarrakech","https:\/\/www.tiktok.com\/@atlasvillasmarrakech"]}]}},"_links":{"self":[{"href":"https:\/\/atlasvillasmarrakech.com\/en\/wp-json\/wp\/v2\/pages\/21","targetHints":{"allow":["GET"]}}],"collection":[{"href":"https:\/\/atlasvillasmarrakech.com\/en\/wp-json\/wp\/v2\/pages"}],"about":[{"href":"https:\/\/atlasvillasmarrakech.com\/en\/wp-json\/wp\/v2\/types\/page"}],"author":[{"embeddable":true,"href":"https:\/\/atlasvillasmarrakech.com\/en\/wp-json\/wp\/v2\/users\/2"}],"replies":[{"embeddable":true,"href":"https:\/\/atlasvillasmarrakech.com\/en\/wp-json\/wp\/v2\/comments?post=21"}],"version-history":[{"count":0,"href":"https:\/\/atlasvillasmarrakech.com\/en\/wp-json\/wp\/v2\/pages\/21\/revisions"}],"wp:featuredmedia":[{"embeddable":true,"href":"https:\/\/atlasvillasmarrakech.com\/en\/wp-json\/wp\/v2\/media\/2532"}],"wp:attachment":[{"href":"https:\/\/atlasvillasmarrakech.com\/en\/wp-json\/wp\/v2\/media?parent=21"}],"curies":[{"name":"wp","href":"https:\/\/api.w.org\/{rel}","templated":true}]}}