{"id":2548,"date":"2025-05-28T15:38:37","date_gmt":"2025-05-28T15:38:37","guid":{"rendered":"https:\/\/atlasvillasmarrakech.com\/?page_id=2548"},"modified":"2025-05-29T09:36:53","modified_gmt":"2025-05-29T09:36:53","slug":"%d8%a7%d9%84%d9%85%d8%b9%d9%84%d9%88%d9%85%d8%a7%d8%aa-%d8%a7%d9%84%d9%82%d8%a7%d9%86%d9%88%d9%86%d9%8a%d8%a9-2","status":"publish","type":"page","link":"https:\/\/atlasvillasmarrakech.com\/ar\/%d8%a7%d9%84%d9%85%d8%b9%d9%84%d9%88%d9%85%d8%a7%d8%aa-%d8%a7%d9%84%d9%82%d8%a7%d9%86%d9%88%d9%86%d9%8a%d8%a9-2\/","title":{"rendered":"\u0627\u0644\u0645\u0639\u0644\u0648\u0645\u0627\u062a \u0627\u0644\u0642\u0627\u0646\u0648\u0646\u064a\u0629"},"content":{"rendered":"<div data-elementor-type=\"wp-page\" data-elementor-id=\"2548\" class=\"elementor elementor-2548\" data-elementor-post-type=\"page\">\n\t\t\t\t<div class=\"elementor-element elementor-element-a979e1c e-flex e-con-boxed e-con e-parent\" data-id=\"a979e1c\" data-element_type=\"container\" data-e-type=\"container\" data-settings=\"{&quot;background_background&quot;:&quot;classic&quot;}\">\n\t\t\t\t\t<div class=\"e-con-inner\">\n\t\t<div class=\"elementor-element elementor-element-d54012a e-con-full e-flex e-con e-child\" data-id=\"d54012a\" data-element_type=\"container\" data-e-type=\"container\">\n\t\t\t\t<div class=\"elementor-element elementor-element-36c5229 elementor-align-center elementor-widget elementor-widget-breadcrumbs\" data-id=\"36c5229\" data-element_type=\"widget\" data-e-type=\"widget\" data-widget_type=\"breadcrumbs.default\">\n\t\t\t\t\t<p id=\"breadcrumbs\"><span><span><a href=\"https:\/\/atlasvillasmarrakech.com\/ar\">\u0627\u0644\u0631\u0626\u064a\u0633\u064a\u0629<\/a><\/span><\/span><\/p>\t\t\t\t<\/div>\n\t\t\t\t<div class=\"elementor-element elementor-element-6bcb371 elementor-widget elementor-widget-heading\" data-id=\"6bcb371\" data-element_type=\"widget\" data-e-type=\"widget\" data-widget_type=\"heading.default\">\n\t\t\t\t\t<h1 class=\"elementor-heading-title elementor-size-default\">\u0627\u0644\u0645\u0639\u0644\u0648\u0645\u0627\u062a \u0627\u0644\u0642\u0627\u0646\u0648\u0646\u064a\u0629<\/h1>\t\t\t\t<\/div>\n\t\t\t\t<div class=\"elementor-element elementor-element-2ce042e elementor-widget__width-initial elementor-widget-mobile__width-inherit elementor-widget elementor-widget-text-editor\" data-id=\"2ce042e\" data-element_type=\"widget\" data-e-type=\"widget\" data-widget_type=\"text-editor.default\">\n\t\t\t\t\t\t\t\t\t<p data-start=\"2713\" data-end=\"2891\">\u0627\u0644\u0645\u0639\u0644\u0648\u0645\u0627\u062a \u0627\u0644\u0642\u0627\u0646\u0648\u0646\u064a\u0629 \u0644\u0645\u0648\u0642\u0639 \u0623\u0637\u0644\u0633 \u0641\u064a\u0644\u0627\u062a \u0645\u0631\u0627\u0643\u0634 \u0627\u0644\u0625\u0644\u0643\u062a\u0631\u0648\u0646\u064a: \u0627\u0644\u0646\u0627\u0634\u0631\u060c \u0648\u0627\u0644\u0627\u0633\u062a\u0636\u0627\u0641\u0629\u060c \u0648\u0627\u0644\u0645\u0644\u0643\u064a\u0629\u060c \u0648\u0645\u0644\u0641\u0627\u062a \u062a\u0639\u0631\u064a\u0641 \u0627\u0644\u0627\u0631\u062a\u0628\u0627\u0637\u060c \u0648\u0627\u0644\u0628\u064a\u0627\u0646\u0627\u062a\u060c \u0648\u0627\u0644\u0625\u0637\u0627\u0631 \u0627\u0644\u0642\u0627\u0646\u0648\u0646\u064a \u0627\u0644\u0645\u0639\u0645\u0648\u0644 \u0628\u0647.<\/p>\t\t\t\t\t\t\t\t<\/div>\n\t\t\t\t<\/div>\n\t\t\t\t\t<\/div>\n\t\t\t\t<\/div>\n\t\t<div class=\"elementor-element elementor-element-1f4127d e-flex e-con-boxed e-con e-parent\" data-id=\"1f4127d\" data-element_type=\"container\" data-e-type=\"container\">\n\t\t\t\t\t<div class=\"e-con-inner\">\n\t\t\t\t<div class=\"elementor-element elementor-element-9e7bf70 elementor-widget elementor-widget-text-editor\" data-id=\"9e7bf70\" data-element_type=\"widget\" data-e-type=\"widget\" data-widget_type=\"text-editor.default\">\n\t\t\t\t\t\t\t\t\t<p data-start=\"242\" data-end=\"483\">\u0647\u0630\u0627 \u0627\u0644\u0645\u0648\u0642\u0639 \u0627\u0644\u0625\u0644\u0643\u062a\u0631\u0648\u0646\u064a <a class=\"\" href=\"https:\/\/atlasvillasmarrakech.com\/ar\/\" target=\"_new\" rel=\"noopener\" data-start=\"258\" data-end=\"318\">atlasvillasvillasmarrakech.com<\/a> \u062a\u0646\u062a\u0645\u064a \u0625\u0644\u0649 \u0623\u0637\u0644\u0633 \u0641\u064a\u0644\u0627\u062a \u0645\u0631\u0627\u0643\u0634. \u0647\u0630\u0647 <strong data-start=\"360\" data-end=\"380\">\u0627\u0644\u0625\u0634\u0639\u0627\u0631\u0627\u062a \u0627\u0644\u0642\u0627\u0646\u0648\u0646\u064a\u0629<\/strong> \u062a\u062d\u062f\u064a\u062f \u0627\u0644\u0645\u0639\u0644\u0648\u0645\u0627\u062a \u0627\u0644\u0645\u0637\u0644\u0648\u0628\u0629 \u0639\u0646 \u0627\u0644\u0646\u0627\u0634\u0631 \u0648\u0627\u0644\u0627\u0633\u062a\u0636\u0627\u0641\u0629 \u0648\u0627\u0644\u062d\u0642\u0648\u0642 \u0627\u0644\u0645\u062a\u0639\u0644\u0642\u0629 \u0628\u0627\u0633\u062a\u062e\u062f\u0627\u0645 \u0627\u0644\u0645\u0648\u0642\u0639.<\/p><h2 data-start=\"485\" data-end=\"503\">\u0646\u0627\u0634\u0631 \u0627\u0644\u0645\u0648\u0642\u0639<\/h2><p data-start=\"505\" data-end=\"832\"><strong data-start=\"505\" data-end=\"523\">\u0627\u0644\u0627\u0633\u0645 \u0627\u0644\u062a\u062c\u0627\u0631\u064a<\/strong> \u0623\u0637\u0644\u0633 \u0641\u064a\u0644\u0627\u062a \u0623\u0637\u0644\u0633 \u0645\u0631\u0627\u0643\u0634<br data-start=\"548\" data-end=\"551\" \/><strong data-start=\"551\" data-end=\"573\">\u0627\u0644\u0645\u0645\u062b\u0644 \u0627\u0644\u0642\u0627\u0646\u0648\u0646\u064a<\/strong> \u0627\u0644\u0627\u0633\u0645 \u0627\u0644\u0630\u064a \u0633\u064a\u062a\u0645 \u062a\u062d\u062f\u064a\u062f\u0647\u060c \u0625\u0630\u0627 \u0631\u063a\u0628\u062a \u0641\u064a \u0630\u0644\u0643<br data-start=\"605\" data-end=\"608\" \/><strong data-start=\"608\" data-end=\"627\">\u0627\u0644\u0634\u0643\u0644 \u0627\u0644\u0642\u0627\u0646\u0648\u0646\u064a<\/strong> \u064a\u062a\u0645 \u062a\u062d\u062f\u064a\u062f\u0647\u0627 - \u0639\u0644\u0649 \u0633\u0628\u064a\u0644 \u0627\u0644\u0645\u062b\u0627\u0644 \u0634\u0631\u0643\u0629 \u0630\u0627\u062a \u0645\u0633\u0624\u0648\u0644\u064a\u0629 \u0645\u062d\u062f\u0648\u062f\u0629 \u0623\u0648 \u0645\u0644\u0643\u064a\u0629 \u0641\u0631\u062f\u064a\u0629<br data-start=\"681\" data-end=\"684\" \/><strong data-start=\"684\" data-end=\"695\">\u0627\u0644\u0639\u0646\u0648\u0627\u0646<\/strong> \u0627\u0644\u0639\u0646\u0648\u0627\u0646 \u0627\u0644\u0641\u0639\u0644\u064a \u0644\u0644\u0645\u0646\u0634\u0623\u0629 \u0623\u0648 \u0627\u0644\u0645\u0643\u062a\u0628 \u0627\u0644\u0631\u0626\u064a\u0633\u064a].<br data-start=\"747\" data-end=\"750\" \/><strong data-start=\"750\" data-end=\"763\">\u0627\u0644\u0647\u0627\u062a\u0641<\/strong> : +212 6 97 98 90 90<br data-start=\"784\" data-end=\"787\" \/><strong data-start=\"787\" data-end=\"797\">\u0627\u0644\u0628\u0631\u064a\u062f \u0627\u0644\u0625\u0644\u0643\u062a\u0631\u0648\u0646\u064a<\/strong> : <a class=\"cursor-pointer\" rel=\"noopener\" data-start=\"800\" data-end=\"832\">contact@atlasvillasmarrakech.com<\/a><\/p><p data-start=\"834\" data-end=\"968\">\u0646\u062d\u0646 \u0646\u062f\u064a\u0631 \u0627\u0644\u0645\u062d\u062a\u0648\u0649 \u0627\u0644\u062a\u062d\u0631\u064a\u0631\u064a \u0644\u0644\u0645\u0648\u0642\u0639 \u062f\u0627\u062e\u0644\u064a\u0627\u064b. \u0625\u0630\u0627 \u0643\u0627\u0646 \u0644\u062f\u064a\u0643 \u0623\u064a \u062a\u0639\u0644\u064a\u0642\u0627\u062a \u0623\u0648 \u0623\u0633\u0626\u0644\u0629\u060c \u064a\u0631\u062c\u0649 \u0627\u0644\u0627\u062a\u0635\u0627\u0644 \u0628\u0646\u0627 \u0628\u0627\u0633\u062a\u062e\u062f\u0627\u0645 \u0627\u0644\u062a\u0641\u0627\u0635\u064a\u0644 \u0623\u0639\u0644\u0627\u0647.<\/p><h2 data-start=\"970\" data-end=\"984\">\u0627\u0644\u0627\u0633\u062a\u0636\u0627\u0641\u0629<\/h2><p data-start=\"986\" data-end=\"1174\">\u0627\u0644\u0645\u0648\u0642\u0639 \u0645\u0633\u062a\u0636\u0627\u0641 \u0645\u0646 \u0642\u0628\u0644 :<br data-start=\"1011\" data-end=\"1014\" \/><strong data-start=\"1014\" data-end=\"1021\">\u0627\u0644\u0627\u0633\u0645<\/strong> \u064a\u062c\u0628 \u062a\u062d\u062f\u064a\u062f \u0627\u0644\u0645\u0636\u064a\u0641\u060c \u0639\u0644\u0649 \u0633\u0628\u064a\u0644 \u0627\u0644\u0645\u062b\u0627\u0644 o2switch\u060c OVH\u060c Hostinger\u060c \u0625\u0644\u062e].<br data-start=\"1082\" data-end=\"1085\" \/><strong data-start=\"1085\" data-end=\"1096\">\u0627\u0644\u0639\u0646\u0648\u0627\u0646<\/strong> \u0639\u0646\u0648\u0627\u0646 \u0627\u0644\u0645\u0643\u062a\u0628 \u0627\u0644\u0631\u0626\u064a\u0633\u064a \u0644\u0644\u0645\u0636\u064a\u0641].<br data-start=\"1132\" data-end=\"1135\" \/><strong data-start=\"1135\" data-end=\"1143\">\u0627\u0644\u0645\u0648\u0642\u0639 \u0627\u0644\u0625\u0644\u0643\u062a\u0631\u0648\u0646\u064a<\/strong> \u0639\u0646\u0648\u0627\u0646 URL \u0644\u0644\u0645\u0648\u0642\u0639 \u0627\u0644\u0645\u0636\u064a\u0641].<\/p><p data-start=\"1176\" data-end=\"1332\">\u0646\u062d\u0646 \u0646\u0631\u0627\u0642\u0628 \u0628\u0627\u0646\u062a\u0638\u0627\u0645 \u0627\u0633\u062a\u0642\u0631\u0627\u0631 \u0648\u0623\u0645\u0646 \u0627\u0644\u0627\u0633\u062a\u0636\u0627\u0641\u0629. \u0641\u064a \u062d\u0627\u0644\u0629 \u062d\u062f\u0648\u062b \u0639\u0637\u0644\u060c \u0646\u062a\u062f\u062e\u0644 \u0628\u0633\u0631\u0639\u0629 \u0644\u0627\u0633\u062a\u0639\u0627\u062f\u0629 \u0627\u0644\u0648\u0635\u0648\u0644.<\/p><h2 data-start=\"1334\" data-end=\"1361\">\u0627\u0644\u0645\u0644\u0643\u064a\u0629 \u0627\u0644\u0641\u0643\u0631\u064a\u0629<\/h2><p data-start=\"1363\" data-end=\"1625\">\u0646\u062d\u0646 \u0646\u062d\u062a\u0641\u0638 \u0628\u062c\u0645\u064a\u0639 \u062d\u0642\u0648\u0642 \u0627\u0644\u0639\u0646\u0627\u0635\u0631 \u0627\u0644\u0645\u0648\u062c\u0648\u062f\u0629 \u0639\u0644\u0649 \u0627\u0644\u0645\u0648\u0642\u0639: \u0627\u0644\u0646\u0635\u0648\u0635\u060c \u0648\u0627\u0644\u0645\u0631\u0626\u064a\u0627\u062a\u060c \u0648\u0627\u0644\u0635\u0648\u0631\u060c \u0648\u0645\u0642\u0627\u0637\u0639 \u0627\u0644\u0641\u064a\u062f\u064a\u0648\u060c \u0648\u0627\u0644\u062a\u0635\u0645\u064a\u0645\u060c \u0648\u0627\u0644\u0634\u0639\u0627\u0631\u060c \u0648\u0627\u0644\u0647\u0646\u062f\u0633\u0629 \u0627\u0644\u0645\u0639\u0645\u0627\u0631\u064a\u0629. \u0623\u064a \u0646\u0633\u062e \u0623\u0648 \u062a\u0643\u064a\u064a\u0641 \u0623\u0648 \u062a\u0648\u0632\u064a\u0639 \u063a\u064a\u0631 \u0645\u0635\u0631\u062d \u0628\u0647 \u064a\u0646\u062a\u0647\u0643 \u062d\u0642\u0648\u0642\u0646\u0627 \u0648\u062d\u0642\u0648\u0642 \u0642\u0627\u0646\u0648\u0646 \u0627\u0644\u0645\u0644\u0643\u064a\u0629 \u0627\u0644\u0641\u0643\u0631\u064a\u0629 \u0627\u0644\u0641\u0631\u0646\u0633\u064a.<\/p><p data-start=\"1627\" data-end=\"1753\">\u0644\u0643 \u062d\u0631\u064a\u0629 \u062a\u0635\u0641\u062d \u0627\u0644\u0645\u0648\u0642\u0639 \u0648\u0645\u0634\u0627\u0631\u0643\u0629 \u0627\u0644\u0645\u062d\u062a\u0648\u0649 \u0627\u0644\u062e\u0627\u0635 \u0628\u0646\u0627 \u0639\u0644\u0649 \u0623\u0633\u0627\u0633 \u0634\u062e\u0635\u064a\u060c \u062f\u0648\u0646 \u062a\u063a\u064a\u064a\u0631 \u0623\u0648 \u062d\u0630\u0641 \u0625\u0634\u0639\u0627\u0631\u0627\u062a\u0646\u0627.<\/p><h2 data-start=\"1755\" data-end=\"1778\">\u0627\u0644\u0628\u064a\u0627\u0646\u0627\u062a \u0627\u0644\u0634\u062e\u0635\u064a\u0629<\/h2><p data-start=\"1780\" data-end=\"2039\">\u0646\u062d\u0646 \u0646\u0644\u062a\u0632\u0645 \u0628\u0627\u0644\u062a\u0634\u0631\u064a\u0639\u0627\u062a \u0627\u0644\u0645\u063a\u0631\u0628\u064a\u0629 \u0644\u062d\u0645\u0627\u064a\u0629 \u0627\u0644\u0628\u064a\u0627\u0646\u0627\u062a (\u0627\u0644\u0642\u0627\u0646\u0648\u0646 09-08). \u0644\u0641\u0647\u0645 \u0643\u064a\u0641\u064a\u0629 \u062c\u0645\u0639\u0646\u0627 \u0644\u0628\u064a\u0627\u0646\u0627\u062a\u0643 \u0648\u0627\u0633\u062a\u062e\u062f\u0627\u0645\u0647\u0627 \u0648\u062d\u0645\u0627\u064a\u062a\u0647\u0627\u060c \u064a\u064f\u0631\u062c\u0649 \u0627\u0644\u0631\u062c\u0648\u0639 \u0625\u0644\u0649 <a class=\"\" href=\"https:\/\/atlasvillasmarrakech.com\/ar\/\" target=\"_new\" rel=\"noopener\" data-start=\"1974\" data-end=\"2038\">\u0633\u064a\u0627\u0633\u0629 \u0627\u0644\u062e\u0635\u0648\u0635\u064a\u0629<\/a>.<\/p><h2 data-start=\"2041\" data-end=\"2051\">\u0627\u0644\u0643\u0648\u0643\u064a\u0632<\/h2><p data-start=\"2053\" data-end=\"2210\">\u064a\u0633\u062a\u062e\u062f\u0645 \u0645\u0648\u0642\u0639\u0646\u0627 \u0645\u0644\u0641\u0627\u062a \u062a\u0639\u0631\u064a\u0641 \u0627\u0644\u0627\u0631\u062a\u0628\u0627\u0637 \u0644\u0623\u063a\u0631\u0627\u0636 \u0641\u0646\u064a\u0629 \u0648\u0625\u062d\u0635\u0627\u0626\u064a\u0629 \u0628\u062d\u062a\u0629. \u064a\u0645\u0643\u0646\u0643 \u0625\u0644\u063a\u0627\u0621 \u062a\u0646\u0634\u064a\u0637 \u0645\u0644\u0641\u0627\u062a \u062a\u0639\u0631\u064a\u0641 \u0627\u0644\u0627\u0631\u062a\u0628\u0627\u0637 \u0647\u0630\u0647 \u0641\u064a \u0625\u0639\u062f\u0627\u062f\u0627\u062a \u0645\u062a\u0635\u0641\u062d\u0643.<\/p><h2 data-start=\"2212\" data-end=\"2222\">\u0627\u0644\u062a\u0642\u0627\u0636\u064a<\/h2><p data-start=\"2224\" data-end=\"2347\">\u0641\u064a \u062d\u0627\u0644\u0629 \u0646\u0634\u0648\u0628 \u0623\u064a \u0646\u0632\u0627\u0639 \u064a\u062a\u0639\u0644\u0642 \u0628\u0627\u0633\u062a\u062e\u062f\u0627\u0645 \u0627\u0644\u0645\u0648\u0642\u0639\u060c \u064a\u0637\u0628\u0642 \u0627\u0644\u0642\u0627\u0646\u0648\u0646 \u0627\u0644\u0645\u063a\u0631\u0628\u064a. \u0648\u062a\u062e\u062a\u0635 \u0645\u062d\u0627\u0643\u0645 \u0645\u0631\u0627\u0643\u0634 \u0641\u0642\u0637.<\/p>\t\t\t\t\t\t\t\t<\/div>\n\t\t\t\t\t<\/div>\n\t\t\t\t<\/div>\n\t\t\t\t<\/div>","protected":false},"excerpt":{"rendered":"<p>\u0627\u0643\u062a\u0634\u0641 \u0627\u0644\u0625\u0634\u0639\u0627\u0631\u0627\u062a \u0627\u0644\u0642\u0627\u0646\u0648\u0646\u064a\u0629 \u0644\u0648\u0643\u0627\u0644\u0629 \u0627\u0644\u0643\u0648\u0646\u0633\u064a\u0631\u062c \u0627\u0644\u0641\u0627\u062e\u0631\u0629 \u0627\u0644\u062a\u064a \u062a\u0639\u0645\u0644 \u0641\u064a \u0645\u0631\u0627\u0643\u0634 \u0644\u0623\u0635\u062d\u0627\u0628 \u0627\u0644\u0639\u0642\u0627\u0631\u0627\u062a \u0627\u0644\u0645\u062a\u0637\u0644\u0628\u064a\u0646.<\/p>","protected":false},"author":2,"featured_media":2531,"parent":0,"menu_order":0,"comment_status":"closed","ping_status":"closed","template":"","meta":{"footnotes":""},"class_list":["post-2548","page","type-page","status-publish","has-post-thumbnail","hentry"],"yoast_head":"<!-- This site is optimized with the Yoast SEO plugin v27.4 - https:\/\/yoast.com\/product\/yoast-seo-wordpress\/ -->\n<title>Mentions l\u00e9gales<\/title>\n<meta name=\"description\" content=\"D\u00e9couvrez les mentions l\u00e9gales de notre agence de conciergerie luxe op\u00e9rant \u00e0 Marrakech pour les propri\u00e9taires exigeants.\" \/>\n<meta name=\"robots\" content=\"index, follow, max-snippet:-1, max-image-preview:large, max-video-preview:-1\" \/>\n<link rel=\"canonical\" href=\"https:\/\/atlasvillasmarrakech.com\/ar\/\u0627\u0644\u0645\u0639\u0644\u0648\u0645\u0627\u062a-\u0627\u0644\u0642\u0627\u0646\u0648\u0646\u064a\u0629-2\/\" \/>\n<meta property=\"og:locale\" content=\"ar_AR\" \/>\n<meta property=\"og:type\" content=\"article\" \/>\n<meta property=\"og:title\" content=\"Mentions l\u00e9gales\" \/>\n<meta property=\"og:description\" content=\"D\u00e9couvrez les mentions l\u00e9gales de notre agence de conciergerie luxe op\u00e9rant \u00e0 Marrakech pour les propri\u00e9taires exigeants.\" \/>\n<meta property=\"og:url\" content=\"https:\/\/atlasvillasmarrakech.com\/ar\/\u0627\u0644\u0645\u0639\u0644\u0648\u0645\u0627\u062a-\u0627\u0644\u0642\u0627\u0646\u0648\u0646\u064a\u0629-2\/\" \/>\n<meta property=\"og:site_name\" content=\"Atlas Villas Marrakech | Conciergerie Airbnb de luxe\" \/>\n<meta property=\"article:publisher\" content=\"https:\/\/www.facebook.com\/people\/Atlas-Villas\/61576621842476\/\" \/>\n<meta property=\"article:modified_time\" content=\"2025-05-29T09:36:53+00:00\" \/>\n<meta property=\"og:image\" content=\"https:\/\/atlasvillasmarrakech.com\/wp-content\/uploads\/2025\/05\/Mentions-legales.png\" \/>\n\t<meta property=\"og:image:width\" content=\"570\" \/>\n\t<meta property=\"og:image:height\" content=\"570\" \/>\n\t<meta property=\"og:image:type\" content=\"image\/png\" \/>\n<meta name=\"twitter:card\" content=\"summary_large_image\" \/>\n<meta name=\"twitter:site\" content=\"@atlasvillas\" \/>\n<meta name=\"twitter:label1\" content=\"\u0648\u0642\u062a \u0627\u0644\u0642\u0631\u0627\u0621\u0629 \u0627\u0644\u0645\u064f\u0642\u062f\u0651\u0631\" \/>\n\t<meta name=\"twitter:data1\" content=\"\u062f\u0642\u064a\u0642\u062a\u0627\u0646\" \/>\n<script type=\"application\/ld+json\" class=\"yoast-schema-graph\">{\"@context\":\"https:\\\/\\\/schema.org\",\"@graph\":[{\"@type\":\"WebPage\",\"@id\":\"https:\\\/\\\/atlasvillasmarrakech.com\\\/mentions-legales-2\\\/\",\"url\":\"https:\\\/\\\/atlasvillasmarrakech.com\\\/mentions-legales-2\\\/\",\"name\":\"Mentions l\u00e9gales\",\"isPartOf\":{\"@id\":\"https:\\\/\\\/atlasvillasmarrakech.com\\\/#website\"},\"primaryImageOfPage\":{\"@id\":\"https:\\\/\\\/atlasvillasmarrakech.com\\\/mentions-legales-2\\\/#primaryimage\"},\"image\":{\"@id\":\"https:\\\/\\\/atlasvillasmarrakech.com\\\/mentions-legales-2\\\/#primaryimage\"},\"thumbnailUrl\":\"https:\\\/\\\/atlasvillasmarrakech.com\\\/wp-content\\\/uploads\\\/2025\\\/05\\\/Mentions-legales.png\",\"datePublished\":\"2025-05-28T15:38:37+00:00\",\"dateModified\":\"2025-05-29T09:36:53+00:00\",\"description\":\"D\u00e9couvrez les mentions l\u00e9gales de notre agence de conciergerie luxe op\u00e9rant \u00e0 Marrakech pour les propri\u00e9taires exigeants.\",\"breadcrumb\":{\"@id\":\"https:\\\/\\\/atlasvillasmarrakech.com\\\/mentions-legales-2\\\/#breadcrumb\"},\"inLanguage\":\"ar\",\"potentialAction\":[{\"@type\":\"ReadAction\",\"target\":[\"https:\\\/\\\/atlasvillasmarrakech.com\\\/mentions-legales-2\\\/\"]}]},{\"@type\":\"ImageObject\",\"inLanguage\":\"ar\",\"@id\":\"https:\\\/\\\/atlasvillasmarrakech.com\\\/mentions-legales-2\\\/#primaryimage\",\"url\":\"https:\\\/\\\/atlasvillasmarrakech.com\\\/wp-content\\\/uploads\\\/2025\\\/05\\\/Mentions-legales.png\",\"contentUrl\":\"https:\\\/\\\/atlasvillasmarrakech.com\\\/wp-content\\\/uploads\\\/2025\\\/05\\\/Mentions-legales.png\",\"width\":570,\"height\":570,\"caption\":\"Mentions l\u00e9gales\"},{\"@type\":\"BreadcrumbList\",\"@id\":\"https:\\\/\\\/atlasvillasmarrakech.com\\\/mentions-legales-2\\\/#breadcrumb\",\"itemListElement\":[{\"@type\":\"ListItem\",\"position\":1,\"name\":\"Accueil\",\"item\":\"https:\\\/\\\/atlasvillasmarrakech.com\\\/\"},{\"@type\":\"ListItem\",\"position\":2,\"name\":\"Mentions l\u00e9gales\"}]},{\"@type\":\"WebSite\",\"@id\":\"https:\\\/\\\/atlasvillasmarrakech.com\\\/#website\",\"url\":\"https:\\\/\\\/atlasvillasmarrakech.com\\\/\",\"name\":\"Atlas Villas Marrakech\",\"description\":\"Conciergerie Airbnb Marrakech | Villas de luxe\",\"publisher\":{\"@id\":\"https:\\\/\\\/atlasvillasmarrakech.com\\\/#organization\"},\"alternateName\":\"Atlas Villas\",\"potentialAction\":[{\"@type\":\"SearchAction\",\"target\":{\"@type\":\"EntryPoint\",\"urlTemplate\":\"https:\\\/\\\/atlasvillasmarrakech.com\\\/?s={search_term_string}\"},\"query-input\":{\"@type\":\"PropertyValueSpecification\",\"valueRequired\":true,\"valueName\":\"search_term_string\"}}],\"inLanguage\":\"ar\"},{\"@type\":\"Organization\",\"@id\":\"https:\\\/\\\/atlasvillasmarrakech.com\\\/#organization\",\"name\":\"Atlas Villas Marrakech\",\"alternateName\":\"Atlas Villas\",\"url\":\"https:\\\/\\\/atlasvillasmarrakech.com\\\/\",\"logo\":{\"@type\":\"ImageObject\",\"inLanguage\":\"ar\",\"@id\":\"https:\\\/\\\/atlasvillasmarrakech.com\\\/#\\\/schema\\\/logo\\\/image\\\/\",\"url\":\"https:\\\/\\\/atlasvillasmarrakech.com\\\/wp-content\\\/uploads\\\/2025\\\/05\\\/Logo-Atlasvillasmarrakech.webp\",\"contentUrl\":\"https:\\\/\\\/atlasvillasmarrakech.com\\\/wp-content\\\/uploads\\\/2025\\\/05\\\/Logo-Atlasvillasmarrakech.webp\",\"width\":350,\"height\":500,\"caption\":\"Atlas Villas Marrakech\"},\"image\":{\"@id\":\"https:\\\/\\\/atlasvillasmarrakech.com\\\/#\\\/schema\\\/logo\\\/image\\\/\"},\"sameAs\":[\"https:\\\/\\\/www.facebook.com\\\/people\\\/Atlas-Villas\\\/61576621842476\\\/\",\"https:\\\/\\\/x.com\\\/atlasvillas\",\"https:\\\/\\\/www.instagram.com\\\/atlasvillas_marrakech\\\/\",\"https:\\\/\\\/www.youtube.com\\\/@AtlasvillasMarrakech\",\"https:\\\/\\\/www.pinterest.com\\\/atlasvillasmarrakech\\\/\",\"https:\\\/\\\/www.tumblr.com\\\/atlasvillasmarrakech\",\"https:\\\/\\\/www.tiktok.com\\\/@atlasvillasmarrakech\"]}]}<\/script>\n<!-- \/ Yoast SEO plugin. -->","yoast_head_json":{"title":"\u0627\u0644\u0645\u0639\u0644\u0648\u0645\u0627\u062a \u0627\u0644\u0642\u0627\u0646\u0648\u0646\u064a\u0629","description":"\u0627\u0643\u062a\u0634\u0641 \u0627\u0644\u0625\u0634\u0639\u0627\u0631\u0627\u062a \u0627\u0644\u0642\u0627\u0646\u0648\u0646\u064a\u0629 \u0644\u0648\u0643\u0627\u0644\u0629 \u0627\u0644\u0643\u0648\u0646\u0633\u064a\u0631\u062c \u0627\u0644\u0641\u0627\u062e\u0631\u0629 \u0627\u0644\u062a\u064a \u062a\u0639\u0645\u0644 \u0641\u064a \u0645\u0631\u0627\u0643\u0634 \u0644\u0623\u0635\u062d\u0627\u0628 \u0627\u0644\u0639\u0642\u0627\u0631\u0627\u062a \u0627\u0644\u0645\u062a\u0637\u0644\u0628\u064a\u0646.","robots":{"index":"index","follow":"follow","max-snippet":"max-snippet:-1","max-image-preview":"max-image-preview:large","max-video-preview":"max-video-preview:-1"},"canonical":"https:\/\/atlasvillasmarrakech.com\/ar\/\u0627\u0644\u0645\u0639\u0644\u0648\u0645\u0627\u062a-\u0627\u0644\u0642\u0627\u0646\u0648\u0646\u064a\u0629-2\/","og_locale":"ar_AR","og_type":"article","og_title":"Mentions l\u00e9gales","og_description":"D\u00e9couvrez les mentions l\u00e9gales de notre agence de conciergerie luxe op\u00e9rant \u00e0 Marrakech pour les propri\u00e9taires exigeants.","og_url":"https:\/\/atlasvillasmarrakech.com\/ar\/\u0627\u0644\u0645\u0639\u0644\u0648\u0645\u0627\u062a-\u0627\u0644\u0642\u0627\u0646\u0648\u0646\u064a\u0629-2\/","og_site_name":"Atlas Villas Marrakech | Conciergerie Airbnb de luxe","article_publisher":"https:\/\/www.facebook.com\/people\/Atlas-Villas\/61576621842476\/","article_modified_time":"2025-05-29T09:36:53+00:00","og_image":[{"width":570,"height":570,"url":"https:\/\/atlasvillasmarrakech.com\/wp-content\/uploads\/2025\/05\/Mentions-legales.png","type":"image\/png"}],"twitter_card":"summary_large_image","twitter_site":"@atlasvillas","twitter_misc":{"\u0648\u0642\u062a \u0627\u0644\u0642\u0631\u0627\u0621\u0629 \u0627\u0644\u0645\u064f\u0642\u062f\u0651\u0631":"\u062f\u0642\u064a\u0642\u062a\u0627\u0646"},"schema":{"@context":"https:\/\/schema.org","@graph":[{"@type":"WebPage","@id":"https:\/\/atlasvillasmarrakech.com\/mentions-legales-2\/","url":"https:\/\/atlasvillasmarrakech.com\/mentions-legales-2\/","name":"\u0627\u0644\u0645\u0639\u0644\u0648\u0645\u0627\u062a \u0627\u0644\u0642\u0627\u0646\u0648\u0646\u064a\u0629","isPartOf":{"@id":"https:\/\/atlasvillasmarrakech.com\/#website"},"primaryImageOfPage":{"@id":"https:\/\/atlasvillasmarrakech.com\/mentions-legales-2\/#primaryimage"},"image":{"@id":"https:\/\/atlasvillasmarrakech.com\/mentions-legales-2\/#primaryimage"},"thumbnailUrl":"https:\/\/atlasvillasmarrakech.com\/wp-content\/uploads\/2025\/05\/Mentions-legales.png","datePublished":"2025-05-28T15:38:37+00:00","dateModified":"2025-05-29T09:36:53+00:00","description":"\u0627\u0643\u062a\u0634\u0641 \u0627\u0644\u0625\u0634\u0639\u0627\u0631\u0627\u062a \u0627\u0644\u0642\u0627\u0646\u0648\u0646\u064a\u0629 \u0644\u0648\u0643\u0627\u0644\u0629 \u0627\u0644\u0643\u0648\u0646\u0633\u064a\u0631\u062c \u0627\u0644\u0641\u0627\u062e\u0631\u0629 \u0627\u0644\u062a\u064a \u062a\u0639\u0645\u0644 \u0641\u064a \u0645\u0631\u0627\u0643\u0634 \u0644\u0623\u0635\u062d\u0627\u0628 \u0627\u0644\u0639\u0642\u0627\u0631\u0627\u062a \u0627\u0644\u0645\u062a\u0637\u0644\u0628\u064a\u0646.","breadcrumb":{"@id":"https:\/\/atlasvillasmarrakech.com\/mentions-legales-2\/#breadcrumb"},"inLanguage":"ar","potentialAction":[{"@type":"ReadAction","target":["https:\/\/atlasvillasmarrakech.com\/mentions-legales-2\/"]}]},{"@type":"ImageObject","inLanguage":"ar","@id":"https:\/\/atlasvillasmarrakech.com\/mentions-legales-2\/#primaryimage","url":"https:\/\/atlasvillasmarrakech.com\/wp-content\/uploads\/2025\/05\/Mentions-legales.png","contentUrl":"https:\/\/atlasvillasmarrakech.com\/wp-content\/uploads\/2025\/05\/Mentions-legales.png","width":570,"height":570,"caption":"Mentions l\u00e9gales"},{"@type":"BreadcrumbList","@id":"https:\/\/atlasvillasmarrakech.com\/mentions-legales-2\/#breadcrumb","itemListElement":[{"@type":"ListItem","position":1,"name":"Accueil","item":"https:\/\/atlasvillasmarrakech.com\/"},{"@type":"ListItem","position":2,"name":"Mentions l\u00e9gales"}]},{"@type":"WebSite","@id":"https:\/\/atlasvillasmarrakech.com\/#website","url":"https:\/\/atlasvillasmarrakech.com\/","name":"\u0641\u064a\u0644\u0627\u062a \u0623\u0637\u0644\u0633 \u0623\u0637\u0644\u0633 \u0645\u0631\u0627\u0643\u0634","description":"\u0643\u0648\u0646\u0633\u064a\u0631\u062c\u064a\u0631\u064a \u0625\u064a\u0631 \u0628\u064a \u0625\u0646 \u0628\u064a \u0645\u0631\u0627\u0643\u0634 | \u0641\u0644\u0644 \u0641\u0627\u062e\u0631\u0629","publisher":{"@id":"https:\/\/atlasvillasmarrakech.com\/#organization"},"alternateName":"Atlas Villas","potentialAction":[{"@type":"SearchAction","target":{"@type":"EntryPoint","urlTemplate":"https:\/\/atlasvillasmarrakech.com\/?s={search_term_string}"},"query-input":{"@type":"PropertyValueSpecification","valueRequired":true,"valueName":"search_term_string"}}],"inLanguage":"ar"},{"@type":"Organization","@id":"https:\/\/atlasvillasmarrakech.com\/#organization","name":"\u0641\u064a\u0644\u0627\u062a \u0623\u0637\u0644\u0633 \u0623\u0637\u0644\u0633 \u0645\u0631\u0627\u0643\u0634","alternateName":"Atlas Villas","url":"https:\/\/atlasvillasmarrakech.com\/","logo":{"@type":"ImageObject","inLanguage":"ar","@id":"https:\/\/atlasvillasmarrakech.com\/#\/schema\/logo\/image\/","url":"https:\/\/atlasvillasmarrakech.com\/wp-content\/uploads\/2025\/05\/Logo-Atlasvillasmarrakech.webp","contentUrl":"https:\/\/atlasvillasmarrakech.com\/wp-content\/uploads\/2025\/05\/Logo-Atlasvillasmarrakech.webp","width":350,"height":500,"caption":"Atlas Villas Marrakech"},"image":{"@id":"https:\/\/atlasvillasmarrakech.com\/#\/schema\/logo\/image\/"},"sameAs":["https:\/\/www.facebook.com\/people\/Atlas-Villas\/61576621842476\/","https:\/\/x.com\/atlasvillas","https:\/\/www.instagram.com\/atlasvillas_marrakech\/","https:\/\/www.youtube.com\/@AtlasvillasMarrakech","https:\/\/www.pinterest.com\/atlasvillasmarrakech\/","https:\/\/www.tumblr.com\/atlasvillasmarrakech","https:\/\/www.tiktok.com\/@atlasvillasmarrakech"]}]}},"_links":{"self":[{"href":"https:\/\/atlasvillasmarrakech.com\/ar\/wp-json\/wp\/v2\/pages\/2548","targetHints":{"allow":["GET"]}}],"collection":[{"href":"https:\/\/atlasvillasmarrakech.com\/ar\/wp-json\/wp\/v2\/pages"}],"about":[{"href":"https:\/\/atlasvillasmarrakech.com\/ar\/wp-json\/wp\/v2\/types\/page"}],"author":[{"embeddable":true,"href":"https:\/\/atlasvillasmarrakech.com\/ar\/wp-json\/wp\/v2\/users\/2"}],"replies":[{"embeddable":true,"href":"https:\/\/atlasvillasmarrakech.com\/ar\/wp-json\/wp\/v2\/comments?post=2548"}],"version-history":[{"count":0,"href":"https:\/\/atlasvillasmarrakech.com\/ar\/wp-json\/wp\/v2\/pages\/2548\/revisions"}],"wp:featuredmedia":[{"embeddable":true,"href":"https:\/\/atlasvillasmarrakech.com\/ar\/wp-json\/wp\/v2\/media\/2531"}],"wp:attachment":[{"href":"https:\/\/atlasvillasmarrakech.com\/ar\/wp-json\/wp\/v2\/media?parent=2548"}],"curies":[{"name":"wp","href":"https:\/\/api.w.org\/{rel}","templated":true}]}}