{"id":21,"date":"2025-05-28T13:59:10","date_gmt":"2025-05-28T13:59:10","guid":{"rendered":"https:\/\/atlasvillasmarrakech.com\/?page_id=21"},"modified":"2025-05-29T08:46:36","modified_gmt":"2025-05-29T08:46:36","slug":"%d8%b3%d9%8a%d8%a7%d8%b3%d8%a9-%d8%a7%d9%84%d8%ae%d8%b5%d9%88%d8%b5%d9%8a%d8%a9","status":"publish","type":"page","link":"https:\/\/atlasvillasmarrakech.com\/ar\/%d8%b3%d9%8a%d8%a7%d8%b3%d8%a9-%d8%a7%d9%84%d8%ae%d8%b5%d9%88%d8%b5%d9%8a%d8%a9\/","title":{"rendered":"\u0633\u064a\u0627\u0633\u0629 \u0627\u0644\u062e\u0635\u0648\u0635\u064a\u0629"},"content":{"rendered":"<div data-elementor-type=\"wp-page\" data-elementor-id=\"21\" class=\"elementor elementor-21\" data-elementor-post-type=\"page\">\n\t\t\t\t<div class=\"elementor-element elementor-element-0f70839 e-flex e-con-boxed e-con e-parent\" data-id=\"0f70839\" data-element_type=\"container\" data-e-type=\"container\" data-settings=\"{&quot;background_background&quot;:&quot;classic&quot;}\">\n\t\t\t\t\t<div class=\"e-con-inner\">\n\t\t<div class=\"elementor-element elementor-element-f7d51c0 e-con-full e-flex e-con e-child\" data-id=\"f7d51c0\" data-element_type=\"container\" data-e-type=\"container\">\n\t\t\t\t<div class=\"elementor-element elementor-element-d531dc6 elementor-align-center elementor-widget elementor-widget-breadcrumbs\" data-id=\"d531dc6\" data-element_type=\"widget\" data-e-type=\"widget\" data-widget_type=\"breadcrumbs.default\">\n\t\t\t\t\t<p id=\"breadcrumbs\"><span><span><a href=\"https:\/\/atlasvillasmarrakech.com\/ar\">\u0627\u0644\u0631\u0626\u064a\u0633\u064a\u0629<\/a><\/span><\/span><\/p>\t\t\t\t<\/div>\n\t\t\t\t<div class=\"elementor-element elementor-element-72be6f1 elementor-widget elementor-widget-heading\" data-id=\"72be6f1\" data-element_type=\"widget\" data-e-type=\"widget\" data-widget_type=\"heading.default\">\n\t\t\t\t\t<h1 class=\"elementor-heading-title elementor-size-default\">\u0633\u064a\u0627\u0633\u0629 \u0627\u0644\u062e\u0635\u0648\u0635\u064a\u0629<\/h1>\t\t\t\t<\/div>\n\t\t\t\t<div class=\"elementor-element elementor-element-aada385 elementor-widget__width-initial elementor-widget-mobile__width-inherit elementor-widget elementor-widget-text-editor\" data-id=\"aada385\" data-element_type=\"widget\" data-e-type=\"widget\" data-widget_type=\"text-editor.default\">\n\t\t\t\t\t\t\t\t\t<p data-start=\"2508\" data-end=\"2673\">\u062a\u0648\u0636\u062d \u0633\u064a\u0627\u0633\u0629 \u0627\u0644\u062e\u0635\u0648\u0635\u064a\u0629 \u0627\u0644\u062e\u0627\u0635\u0629 \u0628\u0641\u064a\u0644\u0627\u062a \u0623\u0637\u0644\u0633 \u0645\u0631\u0627\u0643\u0634 \u062a\u0641\u0627\u0635\u064a\u0644 \u0627\u0633\u062a\u062e\u062f\u0627\u0645 \u0628\u064a\u0627\u0646\u0627\u062a\u0643 \u0627\u0644\u0634\u062e\u0635\u064a\u0629 \u0648\u0623\u0645\u0646\u0647\u0627 \u0648\u062d\u0642\u0648\u0642\u0643 \u0641\u064a\u0645\u0627 \u064a\u062a\u0639\u0644\u0642 \u0628\u0628\u064a\u0627\u0646\u0627\u062a\u0643 \u0627\u0644\u0634\u062e\u0635\u064a\u0629.<\/p>\t\t\t\t\t\t\t\t<\/div>\n\t\t\t\t<\/div>\n\t\t\t\t\t<\/div>\n\t\t\t\t<\/div>\n\t\t<div class=\"elementor-element elementor-element-4727db2 e-flex e-con-boxed e-con e-parent\" data-id=\"4727db2\" data-element_type=\"container\" data-e-type=\"container\">\n\t\t\t\t\t<div class=\"e-con-inner\">\n\t\t\t\t<div class=\"elementor-element elementor-element-a3d75e3 elementor-widget elementor-widget-text-editor\" data-id=\"a3d75e3\" data-element_type=\"widget\" data-e-type=\"widget\" data-widget_type=\"text-editor.default\">\n\t\t\t\t\t\t\t\t\t<p data-start=\"248\" data-end=\"522\">\u062a\u0648\u0644\u064a \u0623\u0637\u0644\u0633 \u0641\u064a\u0644\u0627\u062a \u0645\u0631\u0627\u0643\u0634 \u0627\u0647\u062a\u0645\u0627\u0645\u064b\u0627 \u0635\u0627\u0631\u0645\u064b\u0627 \u0628\u0633\u0631\u064a\u0629 \u0628\u064a\u0627\u0646\u0627\u062a\u0643. \u0647\u0630\u0627 <strong data-start=\"344\" data-end=\"376\">\u0633\u064a\u0627\u0633\u0629 \u0627\u0644\u062e\u0635\u0648\u0635\u064a\u0629<\/strong> \u064a\u064f\u0637\u0644\u0639\u0643 \u0628\u0648\u0636\u0648\u062d \u0639\u0644\u0649 \u0627\u0644\u0628\u064a\u0627\u0646\u0627\u062a \u0627\u0644\u062a\u064a \u0646\u062c\u0645\u0639\u0647\u0627 \u0648\u0643\u064a\u0641\u064a\u0629 \u0627\u0633\u062a\u062e\u062f\u0627\u0645\u0647\u0627 \u0648\u0627\u0644\u062a\u062f\u0627\u0628\u064a\u0631 \u0627\u0644\u062a\u064a \u0648\u0636\u0639\u0646\u0627\u0647\u0627 \u0644\u062d\u0645\u0627\u064a\u062a\u0647\u0627.<\/p><h2 data-start=\"524\" data-end=\"565\">\u0646\u062c\u0645\u0639 \u0627\u0644\u0623\u0633\u0627\u0633\u064a\u0627\u062a \u0641\u0642\u0637<\/h2><p data-start=\"567\" data-end=\"762\">\u0639\u0646\u062f\u0645\u0627 \u062a\u062d\u062c\u0632 \u0641\u064a\u0644\u0627 \u0623\u0648 \u062a\u0645\u0644\u0623 \u0627\u0633\u062a\u0645\u0627\u0631\u0629 \u0623\u0648 \u062a\u062a\u0635\u0644 \u0628\u0646\u0627\u060c \u0641\u0625\u0646\u0643 \u062a\u0639\u0637\u064a\u0646\u0627 \u0645\u0639\u0644\u0648\u0645\u0627\u062a \u0645\u0639\u064a\u0646\u0629:<br data-start=\"690\" data-end=\"693\" \/>- \u0627\u0633\u0645\u0643<br data-start=\"705\" data-end=\"708\" \/>- \u0639\u0646\u0648\u0627\u0646 \u0628\u0631\u064a\u062f\u0643 \u0627\u0644\u0625\u0644\u0643\u062a\u0631\u0648\u0646\u064a<br data-start=\"731\" data-end=\"734\" \/>- \u0631\u0642\u0645 \u0647\u0627\u062a\u0641\u0643<\/p><p data-start=\"764\" data-end=\"1017\">\u0646\u0642\u0648\u0645 \u0623\u064a\u0636\u064b\u0627 \u0628\u062a\u0633\u062c\u064a\u0644 \u0627\u0644\u0628\u064a\u0627\u0646\u0627\u062a \u0627\u0644\u0641\u0646\u064a\u0629 \u0623\u062b\u0646\u0627\u0621 \u0627\u0644\u062a\u0635\u0641\u062d: \u0646\u0648\u0639 \u0627\u0644\u062c\u0647\u0627\u0632\u060c \u0648\u0627\u0644\u0645\u062a\u0635\u0641\u062d\u060c \u0648\u0627\u0644\u0635\u0641\u062d\u0627\u062a \u0627\u0644\u062a\u064a \u062a\u0645\u062a \u0632\u064a\u0627\u0631\u062a\u0647\u0627\u060c \u0648\u0639\u0646\u0648\u0627\u0646 IP \u0645\u062c\u0647\u0648\u0644 \u0627\u0644\u0647\u0648\u064a\u0629.<br data-start=\"909\" data-end=\"912\" \/>\u0644\u0627 \u0646\u0642\u0648\u0645 \u0628\u062a\u062e\u0632\u064a\u0646 \u0628\u064a\u0627\u0646\u0627\u062a\u0643 \u0627\u0644\u0645\u0635\u0631\u0641\u064a\u0629 \u0623\u0628\u062f\u0627\u064b. \u064a\u0636\u0645\u0646 \u0634\u0631\u0643\u0627\u0621 \u0627\u0644\u062f\u0641\u0639 \u0644\u062f\u064a\u0646\u0627 \u0623\u0645\u0627\u0646 \u0643\u0644 \u0645\u0639\u0627\u0645\u0644\u0629.<\/p><h2 data-start=\"1019\" data-end=\"1063\">\u0646\u0633\u062a\u062e\u062f\u0645 \u0628\u064a\u0627\u0646\u0627\u062a\u0643 \u0628\u0643\u0644 \u062f\u0642\u0629<\/h2><p data-start=\"1065\" data-end=\"1399\">\u0646\u0633\u062a\u062e\u062f\u0645 \u0628\u064a\u0627\u0646\u0627\u062a\u0643 \u0644\u062a\u0632\u0648\u064a\u062f\u0643 \u0628\u062e\u062f\u0645\u0629 \u0641\u0639\u0651\u0627\u0644\u0629 \u0648\u0645\u062e\u0635\u0635\u0629 \u0644\u0643. \u0647\u0630\u0647 \u0647\u064a \u0623\u0647\u062f\u0627\u0641\u0646\u0627:<br data-start=\"1168\" data-end=\"1171\" \/>- \u0645\u0639\u0627\u0644\u062c\u0629 \u062d\u062c\u0648\u0632\u0627\u062a\u0643 \u0648\u0627\u0644\u0631\u062f \u0639\u0644\u0649 \u0637\u0644\u0628\u0627\u062a\u0643,<br data-start=\"1225\" data-end=\"1228\" \/>- \u0646\u0631\u0633\u0644 \u0644\u0643 \u0645\u0639\u0644\u0648\u0645\u0627\u062a \u0645\u0641\u064a\u062f\u0629 \u0639\u0646 \u0625\u0642\u0627\u0645\u062a\u0643<br data-start=\"1288\" data-end=\"1291\" \/>- \u062a\u062d\u0633\u064a\u0646 \u0633\u064a\u0648\u0644\u0629 \u0648\u0623\u062f\u0627\u0621 \u0645\u0648\u0642\u0639\u0646\u0627,<br data-start=\"1347\" data-end=\"1350\" \/>- \u0636\u0645\u0627\u0646 \u0623\u0645\u0627\u0646 \u0639\u0645\u0644\u064a\u0627\u062a \u0627\u0644\u062a\u0628\u0627\u062f\u0644 \u0627\u0644\u062e\u0627\u0635\u0629 \u0628\u0643 \u0645\u0639\u0646\u0627.<\/p><p data-start=\"1401\" data-end=\"1527\">\u0646\u062d\u062a\u0641\u0638 \u0628\u0645\u0639\u0644\u0648\u0645\u0627\u062a\u0643 \u0644\u0623\u0646\u0641\u0633\u0646\u0627. \u0644\u0627 \u0645\u0634\u0627\u0631\u0643\u0629 \u0648\u0644\u0627 \u0625\u0639\u0627\u062f\u0629 \u0628\u064a\u0639 \u0648\u0644\u0627 \u0627\u0633\u062a\u062e\u062f\u0627\u0645 \u062e\u0627\u0631\u062c\u064a \u062f\u0648\u0646 \u0645\u0648\u0627\u0641\u0642\u062a\u0643 \u0627\u0644\u0635\u0631\u064a\u062d\u0629.<\/p><h2 data-start=\"1529\" data-end=\"1583\">\u0646\u062d\u0646 \u0646\u0633\u062a\u062e\u062f\u0645 \u0645\u0644\u0641\u0627\u062a \u062a\u0639\u0631\u064a\u0641 \u0627\u0644\u0627\u0631\u062a\u0628\u0627\u0637\u060c \u062d\u062a\u0649 \u062a\u0638\u0644 \u0645\u062a\u062d\u0643\u0645\u0627\u064b<\/h2><p data-start=\"1585\" data-end=\"1779\">\u0646\u0636\u0639 \u0645\u0644\u0641\u0627\u062a \u062a\u0639\u0631\u064a\u0641 \u0627\u0644\u0627\u0631\u062a\u0628\u0627\u0637 \u0639\u0644\u0649 \u062c\u0647\u0627\u0632\u0643 \u0644\u062a\u062d\u0644\u064a\u0644 \u0627\u0633\u062a\u062e\u062f\u0627\u0645 \u0645\u0648\u0642\u0639\u0646\u0627 \u0648\u062a\u0628\u0633\u064a\u0637 \u0639\u0645\u0644\u064a\u0629 \u0627\u0644\u062a\u0635\u0641\u062d. \u064a\u0645\u0643\u0646\u0643 \u0625\u0644\u063a\u0627\u0621 \u062a\u0646\u0634\u064a\u0637 \u0645\u0644\u0641\u0627\u062a \u062a\u0639\u0631\u064a\u0641 \u0627\u0644\u0627\u0631\u062a\u0628\u0627\u0637 \u0647\u0630\u0647 \u0641\u064a \u0623\u064a \u0648\u0642\u062a \u0628\u0627\u0633\u062a\u062e\u062f\u0627\u0645 \u0645\u062a\u0635\u0641\u062d\u0643.<\/p><h2 data-start=\"1781\" data-end=\"1834\">\u0646\u062d\u0646 \u0646\u062d\u062a\u0631\u0645 \u0641\u062a\u0631\u0627\u062a \u0627\u0644\u0627\u062d\u062a\u0641\u0627\u0638 \u0627\u0644\u0648\u0627\u0636\u062d\u0629<\/h2><p data-start=\"1836\" data-end=\"1979\">\u0633\u0646\u062d\u062a\u0641\u0638 \u0628\u0628\u064a\u0627\u0646\u0627\u062a\u0643 \u0641\u0642\u0637 \u0637\u0627\u0644\u0645\u0627 \u0643\u0627\u0646 \u0630\u0644\u0643 \u0636\u0631\u0648\u0631\u064a\u064b\u0627 \u0644\u0623\u063a\u0631\u0627\u0636\u0646\u0627. \u0648\u0628\u0645\u062c\u0631\u062f \u0627\u0646\u0642\u0636\u0627\u0621 \u0647\u0630\u0647 \u0627\u0644\u0641\u062a\u0631\u0629\u060c \u0633\u0646\u062d\u0630\u0641\u0647\u0627 \u0628\u0634\u0643\u0644 \u0622\u0645\u0646.<\/p><h2 data-start=\"1981\" data-end=\"2027\">\u0646\u062d\u0646 \u0646\u062d\u0645\u064a \u0645\u0639\u0644\u0648\u0645\u0627\u062a\u0643 \u0628\u0634\u0643\u0644 \u0641\u0639\u0627\u0644<\/h2><p data-start=\"2029\" data-end=\"2191\">\u0646\u062d\u0646 \u0646\u0637\u0628\u0642 \u0623\u0646\u0638\u0645\u0629 \u062d\u0645\u0627\u064a\u0629 \u0635\u0627\u0631\u0645\u0629. \u062a\u0645\u0646\u0639 \u0623\u062f\u0648\u0627\u062a\u0646\u0627 \u0648\u0625\u062c\u0631\u0627\u0621\u0627\u062a\u0646\u0627 \u0623\u064a \u0648\u0635\u0648\u0644 \u063a\u064a\u0631 \u0645\u0635\u0631\u062d \u0628\u0647 \u0623\u0648 \u0641\u0642\u062f\u0627\u0646 \u063a\u064a\u0631 \u0645\u0642\u0635\u0648\u062f \u0644\u0628\u064a\u0627\u0646\u0627\u062a\u0643.<\/p><h2 data-start=\"2193\" data-end=\"2230\">\u0645\u0645\u0627\u0631\u0633\u0629 \u062d\u0642\u0648\u0642\u0643 \u0628\u0633\u064a\u0637\u0629<\/h2><p data-start=\"2232\" data-end=\"2400\">\u064a\u0645\u0643\u0646\u0643 \u0627\u0644\u0648\u0635\u0648\u0644 \u0625\u0644\u0649 \u0628\u064a\u0627\u0646\u0627\u062a\u0643 \u0641\u064a \u0623\u064a \u0648\u0642\u062a\u060c \u0623\u0648 \u0637\u0644\u0628 \u062a\u0639\u062f\u064a\u0644\u0647\u0627 \u0623\u0648 \u0637\u0644\u0628 \u062d\u0630\u0641\u0647\u0627. \u0644\u0644\u0642\u064a\u0627\u0645 \u0628\u0630\u0644\u0643\u060c \u064a\u064f\u0631\u062c\u0649 \u0627\u0644\u0627\u062a\u0635\u0627\u0644 \u0628\u0646\u0627 \u0639\u0644\u0649 <strong data-start=\"2363\" data-end=\"2399\"><a class=\"cursor-pointer\" rel=\"noopener\" data-start=\"2365\" data-end=\"2397\">contact@atlasvillasmarrakech.com<\/a><\/strong>.<\/p><h2 data-start=\"2402\" data-end=\"2419\">\u0627\u0644\u0627\u062a\u0635\u0627\u0644 \u0627\u0644\u0645\u0628\u0627\u0634\u0631<\/h2><p data-start=\"2421\" data-end=\"2501\">\ud83d\udcde \u0627\u0644\u0647\u0627\u062a\u0641: +212 6 97 97 98 90 90 90<br data-start=\"2454\" data-end=\"2457\" \/>\ud83d\udce9 \u0627\u0644\u0628\u0631\u064a\u062f \u0627\u0644\u0625\u0644\u0643\u062a\u0631\u0648\u0646\u064a : <a class=\"cursor-pointer\" rel=\"noopener\" data-start=\"2469\" data-end=\"2501\">contact@atlasvillasmarrakech.com<\/a><\/p>\t\t\t\t\t\t\t\t<\/div>\n\t\t\t\t\t<\/div>\n\t\t\t\t<\/div>\n\t\t\t\t<\/div>","protected":false},"excerpt":{"rendered":"<p>\u062a\u0648\u0636\u062d \u0633\u064a\u0627\u0633\u0629 \u0627\u0644\u062e\u0635\u0648\u0635\u064a\u0629 \u0627\u0644\u062e\u0627\u0635\u0629 \u0628\u0641\u064a\u0644\u0627\u062a \u0623\u0637\u0644\u0633 \u0645\u0631\u0627\u0643\u0634 \u062a\u0641\u0627\u0635\u064a\u0644 \u0627\u0633\u062a\u062e\u062f\u0627\u0645 \u0628\u064a\u0627\u0646\u0627\u062a\u0643 \u0627\u0644\u0634\u062e\u0635\u064a\u0629 \u0648\u0623\u0645\u0646\u0647\u0627 \u0648\u062d\u0642\u0648\u0642\u0643 \u0641\u064a\u0645\u0627 \u064a\u062a\u0639\u0644\u0642 \u0628\u0628\u064a\u0627\u0646\u0627\u062a\u0643 \u0627\u0644\u0634\u062e\u0635\u064a\u0629.<\/p>","protected":false},"author":2,"featured_media":2532,"parent":0,"menu_order":0,"comment_status":"closed","ping_status":"closed","template":"","meta":{"footnotes":""},"class_list":["post-21","page","type-page","status-publish","has-post-thumbnail","hentry"],"yoast_head":"<!-- This site is optimized with the Yoast SEO plugin v27.4 - https:\/\/yoast.com\/product\/yoast-seo-wordpress\/ -->\n<title>Politique de confidentialit\u00e9<\/title>\n<meta name=\"description\" content=\"La Politique de confidentialit\u00e9 d\u2019ATLAS VILLAS Marrakech d\u00e9taille l\u2019usage, la s\u00e9curit\u00e9 et vos droits sur vos donn\u00e9es personnelles.\" \/>\n<meta name=\"robots\" content=\"index, follow, max-snippet:-1, max-image-preview:large, max-video-preview:-1\" \/>\n<link rel=\"canonical\" href=\"https:\/\/atlasvillasmarrakech.com\/ar\/\u0633\u064a\u0627\u0633\u0629-\u0627\u0644\u062e\u0635\u0648\u0635\u064a\u0629\/\" \/>\n<meta property=\"og:locale\" content=\"ar_AR\" \/>\n<meta property=\"og:type\" content=\"article\" \/>\n<meta property=\"og:title\" content=\"Politique de confidentialit\u00e9\" \/>\n<meta property=\"og:description\" content=\"La Politique de confidentialit\u00e9 d\u2019ATLAS VILLAS Marrakech d\u00e9taille l\u2019usage, la s\u00e9curit\u00e9 et vos droits sur vos donn\u00e9es personnelles.\" \/>\n<meta property=\"og:url\" content=\"https:\/\/atlasvillasmarrakech.com\/ar\/\u0633\u064a\u0627\u0633\u0629-\u0627\u0644\u062e\u0635\u0648\u0635\u064a\u0629\/\" \/>\n<meta property=\"og:site_name\" content=\"Atlas Villas Marrakech | Conciergerie Airbnb de luxe\" \/>\n<meta property=\"article:publisher\" content=\"https:\/\/www.facebook.com\/people\/Atlas-Villas\/61576621842476\/\" \/>\n<meta property=\"article:modified_time\" content=\"2025-05-29T08:46:36+00:00\" \/>\n<meta property=\"og:image\" content=\"https:\/\/atlasvillasmarrakech.com\/wp-content\/uploads\/2025\/05\/Politique-de-confidentialite.png\" \/>\n\t<meta property=\"og:image:width\" content=\"570\" \/>\n\t<meta property=\"og:image:height\" content=\"570\" \/>\n\t<meta property=\"og:image:type\" content=\"image\/png\" \/>\n<meta name=\"twitter:card\" content=\"summary_large_image\" \/>\n<meta name=\"twitter:site\" content=\"@atlasvillas\" \/>\n<meta name=\"twitter:label1\" content=\"\u0648\u0642\u062a \u0627\u0644\u0642\u0631\u0627\u0621\u0629 \u0627\u0644\u0645\u064f\u0642\u062f\u0651\u0631\" \/>\n\t<meta name=\"twitter:data1\" content=\"\u062f\u0642\u064a\u0642\u062a\u0627\u0646\" \/>\n<script type=\"application\/ld+json\" class=\"yoast-schema-graph\">{\"@context\":\"https:\\\/\\\/schema.org\",\"@graph\":[{\"@type\":\"WebPage\",\"@id\":\"https:\\\/\\\/atlasvillasmarrakech.com\\\/politique-de-confidentialite\\\/\",\"url\":\"https:\\\/\\\/atlasvillasmarrakech.com\\\/politique-de-confidentialite\\\/\",\"name\":\"Politique de confidentialit\u00e9\",\"isPartOf\":{\"@id\":\"https:\\\/\\\/atlasvillasmarrakech.com\\\/#website\"},\"primaryImageOfPage\":{\"@id\":\"https:\\\/\\\/atlasvillasmarrakech.com\\\/politique-de-confidentialite\\\/#primaryimage\"},\"image\":{\"@id\":\"https:\\\/\\\/atlasvillasmarrakech.com\\\/politique-de-confidentialite\\\/#primaryimage\"},\"thumbnailUrl\":\"https:\\\/\\\/atlasvillasmarrakech.com\\\/wp-content\\\/uploads\\\/2025\\\/05\\\/Politique-de-confidentialite.png\",\"datePublished\":\"2025-05-28T13:59:10+00:00\",\"dateModified\":\"2025-05-29T08:46:36+00:00\",\"description\":\"La Politique de confidentialit\u00e9 d\u2019ATLAS VILLAS Marrakech d\u00e9taille l\u2019usage, la s\u00e9curit\u00e9 et vos droits sur vos donn\u00e9es personnelles.\",\"breadcrumb\":{\"@id\":\"https:\\\/\\\/atlasvillasmarrakech.com\\\/politique-de-confidentialite\\\/#breadcrumb\"},\"inLanguage\":\"ar\",\"potentialAction\":[{\"@type\":\"ReadAction\",\"target\":[\"https:\\\/\\\/atlasvillasmarrakech.com\\\/politique-de-confidentialite\\\/\"]}]},{\"@type\":\"ImageObject\",\"inLanguage\":\"ar\",\"@id\":\"https:\\\/\\\/atlasvillasmarrakech.com\\\/politique-de-confidentialite\\\/#primaryimage\",\"url\":\"https:\\\/\\\/atlasvillasmarrakech.com\\\/wp-content\\\/uploads\\\/2025\\\/05\\\/Politique-de-confidentialite.png\",\"contentUrl\":\"https:\\\/\\\/atlasvillasmarrakech.com\\\/wp-content\\\/uploads\\\/2025\\\/05\\\/Politique-de-confidentialite.png\",\"width\":570,\"height\":570,\"caption\":\"Politique de confidentialit\u00e9\"},{\"@type\":\"BreadcrumbList\",\"@id\":\"https:\\\/\\\/atlasvillasmarrakech.com\\\/politique-de-confidentialite\\\/#breadcrumb\",\"itemListElement\":[{\"@type\":\"ListItem\",\"position\":1,\"name\":\"Accueil\",\"item\":\"https:\\\/\\\/atlasvillasmarrakech.com\\\/\"},{\"@type\":\"ListItem\",\"position\":2,\"name\":\"Politique de confidentialit\u00e9\"}]},{\"@type\":\"WebSite\",\"@id\":\"https:\\\/\\\/atlasvillasmarrakech.com\\\/#website\",\"url\":\"https:\\\/\\\/atlasvillasmarrakech.com\\\/\",\"name\":\"Atlas Villas Marrakech\",\"description\":\"Conciergerie Airbnb Marrakech | Villas de luxe\",\"publisher\":{\"@id\":\"https:\\\/\\\/atlasvillasmarrakech.com\\\/#organization\"},\"alternateName\":\"Atlas Villas\",\"potentialAction\":[{\"@type\":\"SearchAction\",\"target\":{\"@type\":\"EntryPoint\",\"urlTemplate\":\"https:\\\/\\\/atlasvillasmarrakech.com\\\/?s={search_term_string}\"},\"query-input\":{\"@type\":\"PropertyValueSpecification\",\"valueRequired\":true,\"valueName\":\"search_term_string\"}}],\"inLanguage\":\"ar\"},{\"@type\":\"Organization\",\"@id\":\"https:\\\/\\\/atlasvillasmarrakech.com\\\/#organization\",\"name\":\"Atlas Villas Marrakech\",\"alternateName\":\"Atlas Villas\",\"url\":\"https:\\\/\\\/atlasvillasmarrakech.com\\\/\",\"logo\":{\"@type\":\"ImageObject\",\"inLanguage\":\"ar\",\"@id\":\"https:\\\/\\\/atlasvillasmarrakech.com\\\/#\\\/schema\\\/logo\\\/image\\\/\",\"url\":\"https:\\\/\\\/atlasvillasmarrakech.com\\\/wp-content\\\/uploads\\\/2025\\\/05\\\/Logo-Atlasvillasmarrakech.webp\",\"contentUrl\":\"https:\\\/\\\/atlasvillasmarrakech.com\\\/wp-content\\\/uploads\\\/2025\\\/05\\\/Logo-Atlasvillasmarrakech.webp\",\"width\":350,\"height\":500,\"caption\":\"Atlas Villas Marrakech\"},\"image\":{\"@id\":\"https:\\\/\\\/atlasvillasmarrakech.com\\\/#\\\/schema\\\/logo\\\/image\\\/\"},\"sameAs\":[\"https:\\\/\\\/www.facebook.com\\\/people\\\/Atlas-Villas\\\/61576621842476\\\/\",\"https:\\\/\\\/x.com\\\/atlasvillas\",\"https:\\\/\\\/www.instagram.com\\\/atlasvillas_marrakech\\\/\",\"https:\\\/\\\/www.youtube.com\\\/@AtlasvillasMarrakech\",\"https:\\\/\\\/www.pinterest.com\\\/atlasvillasmarrakech\\\/\",\"https:\\\/\\\/www.tumblr.com\\\/atlasvillasmarrakech\",\"https:\\\/\\\/www.tiktok.com\\\/@atlasvillasmarrakech\"]}]}<\/script>\n<!-- \/ Yoast SEO plugin. -->","yoast_head_json":{"title":"\u0633\u064a\u0627\u0633\u0629 \u0627\u0644\u062e\u0635\u0648\u0635\u064a\u0629","description":"\u062a\u0648\u0636\u062d \u0633\u064a\u0627\u0633\u0629 \u0627\u0644\u062e\u0635\u0648\u0635\u064a\u0629 \u0627\u0644\u062e\u0627\u0635\u0629 \u0628\u0641\u064a\u0644\u0627\u062a \u0623\u0637\u0644\u0633 \u0645\u0631\u0627\u0643\u0634 \u062a\u0641\u0627\u0635\u064a\u0644 \u0627\u0633\u062a\u062e\u062f\u0627\u0645 \u0628\u064a\u0627\u0646\u0627\u062a\u0643 \u0627\u0644\u0634\u062e\u0635\u064a\u0629 \u0648\u0623\u0645\u0646\u0647\u0627 \u0648\u062d\u0642\u0648\u0642\u0643 \u0641\u064a\u0645\u0627 \u064a\u062a\u0639\u0644\u0642 \u0628\u0628\u064a\u0627\u0646\u0627\u062a\u0643 \u0627\u0644\u0634\u062e\u0635\u064a\u0629.","robots":{"index":"index","follow":"follow","max-snippet":"max-snippet:-1","max-image-preview":"max-image-preview:large","max-video-preview":"max-video-preview:-1"},"canonical":"https:\/\/atlasvillasmarrakech.com\/ar\/\u0633\u064a\u0627\u0633\u0629-\u0627\u0644\u062e\u0635\u0648\u0635\u064a\u0629\/","og_locale":"ar_AR","og_type":"article","og_title":"Politique de confidentialit\u00e9","og_description":"La Politique de confidentialit\u00e9 d\u2019ATLAS VILLAS Marrakech d\u00e9taille l\u2019usage, la s\u00e9curit\u00e9 et vos droits sur vos donn\u00e9es personnelles.","og_url":"https:\/\/atlasvillasmarrakech.com\/ar\/\u0633\u064a\u0627\u0633\u0629-\u0627\u0644\u062e\u0635\u0648\u0635\u064a\u0629\/","og_site_name":"Atlas Villas Marrakech | Conciergerie Airbnb de luxe","article_publisher":"https:\/\/www.facebook.com\/people\/Atlas-Villas\/61576621842476\/","article_modified_time":"2025-05-29T08:46:36+00:00","og_image":[{"width":570,"height":570,"url":"https:\/\/atlasvillasmarrakech.com\/wp-content\/uploads\/2025\/05\/Politique-de-confidentialite.png","type":"image\/png"}],"twitter_card":"summary_large_image","twitter_site":"@atlasvillas","twitter_misc":{"\u0648\u0642\u062a \u0627\u0644\u0642\u0631\u0627\u0621\u0629 \u0627\u0644\u0645\u064f\u0642\u062f\u0651\u0631":"\u062f\u0642\u064a\u0642\u062a\u0627\u0646"},"schema":{"@context":"https:\/\/schema.org","@graph":[{"@type":"WebPage","@id":"https:\/\/atlasvillasmarrakech.com\/politique-de-confidentialite\/","url":"https:\/\/atlasvillasmarrakech.com\/politique-de-confidentialite\/","name":"\u0633\u064a\u0627\u0633\u0629 \u0627\u0644\u062e\u0635\u0648\u0635\u064a\u0629","isPartOf":{"@id":"https:\/\/atlasvillasmarrakech.com\/#website"},"primaryImageOfPage":{"@id":"https:\/\/atlasvillasmarrakech.com\/politique-de-confidentialite\/#primaryimage"},"image":{"@id":"https:\/\/atlasvillasmarrakech.com\/politique-de-confidentialite\/#primaryimage"},"thumbnailUrl":"https:\/\/atlasvillasmarrakech.com\/wp-content\/uploads\/2025\/05\/Politique-de-confidentialite.png","datePublished":"2025-05-28T13:59:10+00:00","dateModified":"2025-05-29T08:46:36+00:00","description":"\u062a\u0648\u0636\u062d \u0633\u064a\u0627\u0633\u0629 \u0627\u0644\u062e\u0635\u0648\u0635\u064a\u0629 \u0627\u0644\u062e\u0627\u0635\u0629 \u0628\u0641\u064a\u0644\u0627\u062a \u0623\u0637\u0644\u0633 \u0645\u0631\u0627\u0643\u0634 \u062a\u0641\u0627\u0635\u064a\u0644 \u0627\u0633\u062a\u062e\u062f\u0627\u0645 \u0628\u064a\u0627\u0646\u0627\u062a\u0643 \u0627\u0644\u0634\u062e\u0635\u064a\u0629 \u0648\u0623\u0645\u0646\u0647\u0627 \u0648\u062d\u0642\u0648\u0642\u0643 \u0641\u064a\u0645\u0627 \u064a\u062a\u0639\u0644\u0642 \u0628\u0628\u064a\u0627\u0646\u0627\u062a\u0643 \u0627\u0644\u0634\u062e\u0635\u064a\u0629.","breadcrumb":{"@id":"https:\/\/atlasvillasmarrakech.com\/politique-de-confidentialite\/#breadcrumb"},"inLanguage":"ar","potentialAction":[{"@type":"ReadAction","target":["https:\/\/atlasvillasmarrakech.com\/politique-de-confidentialite\/"]}]},{"@type":"ImageObject","inLanguage":"ar","@id":"https:\/\/atlasvillasmarrakech.com\/politique-de-confidentialite\/#primaryimage","url":"https:\/\/atlasvillasmarrakech.com\/wp-content\/uploads\/2025\/05\/Politique-de-confidentialite.png","contentUrl":"https:\/\/atlasvillasmarrakech.com\/wp-content\/uploads\/2025\/05\/Politique-de-confidentialite.png","width":570,"height":570,"caption":"Politique de confidentialit\u00e9"},{"@type":"BreadcrumbList","@id":"https:\/\/atlasvillasmarrakech.com\/politique-de-confidentialite\/#breadcrumb","itemListElement":[{"@type":"ListItem","position":1,"name":"Accueil","item":"https:\/\/atlasvillasmarrakech.com\/"},{"@type":"ListItem","position":2,"name":"Politique de confidentialit\u00e9"}]},{"@type":"WebSite","@id":"https:\/\/atlasvillasmarrakech.com\/#website","url":"https:\/\/atlasvillasmarrakech.com\/","name":"\u0641\u064a\u0644\u0627\u062a \u0623\u0637\u0644\u0633 \u0623\u0637\u0644\u0633 \u0645\u0631\u0627\u0643\u0634","description":"\u0643\u0648\u0646\u0633\u064a\u0631\u062c\u064a\u0631\u064a \u0625\u064a\u0631 \u0628\u064a \u0625\u0646 \u0628\u064a \u0645\u0631\u0627\u0643\u0634 | \u0641\u0644\u0644 \u0641\u0627\u062e\u0631\u0629","publisher":{"@id":"https:\/\/atlasvillasmarrakech.com\/#organization"},"alternateName":"Atlas Villas","potentialAction":[{"@type":"SearchAction","target":{"@type":"EntryPoint","urlTemplate":"https:\/\/atlasvillasmarrakech.com\/?s={search_term_string}"},"query-input":{"@type":"PropertyValueSpecification","valueRequired":true,"valueName":"search_term_string"}}],"inLanguage":"ar"},{"@type":"Organization","@id":"https:\/\/atlasvillasmarrakech.com\/#organization","name":"\u0641\u064a\u0644\u0627\u062a \u0623\u0637\u0644\u0633 \u0623\u0637\u0644\u0633 \u0645\u0631\u0627\u0643\u0634","alternateName":"Atlas Villas","url":"https:\/\/atlasvillasmarrakech.com\/","logo":{"@type":"ImageObject","inLanguage":"ar","@id":"https:\/\/atlasvillasmarrakech.com\/#\/schema\/logo\/image\/","url":"https:\/\/atlasvillasmarrakech.com\/wp-content\/uploads\/2025\/05\/Logo-Atlasvillasmarrakech.webp","contentUrl":"https:\/\/atlasvillasmarrakech.com\/wp-content\/uploads\/2025\/05\/Logo-Atlasvillasmarrakech.webp","width":350,"height":500,"caption":"Atlas Villas Marrakech"},"image":{"@id":"https:\/\/atlasvillasmarrakech.com\/#\/schema\/logo\/image\/"},"sameAs":["https:\/\/www.facebook.com\/people\/Atlas-Villas\/61576621842476\/","https:\/\/x.com\/atlasvillas","https:\/\/www.instagram.com\/atlasvillas_marrakech\/","https:\/\/www.youtube.com\/@AtlasvillasMarrakech","https:\/\/www.pinterest.com\/atlasvillasmarrakech\/","https:\/\/www.tumblr.com\/atlasvillasmarrakech","https:\/\/www.tiktok.com\/@atlasvillasmarrakech"]}]}},"_links":{"self":[{"href":"https:\/\/atlasvillasmarrakech.com\/ar\/wp-json\/wp\/v2\/pages\/21","targetHints":{"allow":["GET"]}}],"collection":[{"href":"https:\/\/atlasvillasmarrakech.com\/ar\/wp-json\/wp\/v2\/pages"}],"about":[{"href":"https:\/\/atlasvillasmarrakech.com\/ar\/wp-json\/wp\/v2\/types\/page"}],"author":[{"embeddable":true,"href":"https:\/\/atlasvillasmarrakech.com\/ar\/wp-json\/wp\/v2\/users\/2"}],"replies":[{"embeddable":true,"href":"https:\/\/atlasvillasmarrakech.com\/ar\/wp-json\/wp\/v2\/comments?post=21"}],"version-history":[{"count":0,"href":"https:\/\/atlasvillasmarrakech.com\/ar\/wp-json\/wp\/v2\/pages\/21\/revisions"}],"wp:featuredmedia":[{"embeddable":true,"href":"https:\/\/atlasvillasmarrakech.com\/ar\/wp-json\/wp\/v2\/media\/2532"}],"wp:attachment":[{"href":"https:\/\/atlasvillasmarrakech.com\/ar\/wp-json\/wp\/v2\/media?parent=21"}],"curies":[{"name":"wp","href":"https:\/\/api.w.org\/{rel}","templated":true}]}}